{"id":82833,"date":"2020-09-28T01:27:14","date_gmt":"2020-09-28T01:27:14","guid":{"rendered":"https:\/\/www.spanishcentermonterrey.com\/espanol\/?page_id=82833"},"modified":"2023-05-12T02:45:45","modified_gmt":"2023-05-12T02:45:45","slug":"contacto","status":"publish","type":"page","link":"https:\/\/www.spanishcentermonterrey.com\/espanol\/contacto\/","title":{"rendered":"Contacto"},"content":{"rendered":"\t\t<div data-elementor-type=\"wp-page\" data-elementor-id=\"82833\" class=\"elementor elementor-82833\" data-elementor-settings=\"[]\">\n\t\t\t\t\t\t<div class=\"elementor-inner\">\n\t\t\t\t\t\t\t<div class=\"elementor-section-wrap\">\n\t\t\t\t\t\t\t<section class=\"elementor-section elementor-top-section elementor-element elementor-element-fa31a72 ot-traditional elementor-section-boxed elementor-section-height-default elementor-section-height-default\" data-id=\"fa31a72\" data-element_type=\"section\">\n\t\t\t\t\t\t<div class=\"elementor-container elementor-column-gap-default\">\n\t\t\t\t\t\t\t<div class=\"elementor-row\">\n\t\t\t\t\t<div class=\"elementor-column elementor-col-50 elementor-top-column elementor-element elementor-element-71b03d5 ot-flex-column-vertical\" data-id=\"71b03d5\" data-element_type=\"column\">\n\t\t\t<div class=\"elementor-column-wrap elementor-element-populated\">\n\t\t\t\t\t\t\t<div class=\"elementor-widget-wrap\">\n\t\t\t\t\t\t<div class=\"elementor-element elementor-element-c03848e elementor-widget elementor-widget-heading\" data-id=\"c03848e\" data-element_type=\"widget\" data-widget_type=\"heading.default\">\n\t\t\t\t<div class=\"elementor-widget-container\">\n\t\t\t<h1 class=\"elementor-heading-title elementor-size-default\">Cont\u00e1ctanos<\/h1>\t\t<\/div>\n\t\t\t\t<\/div>\n\t\t\t\t<div class=\"elementor-element elementor-element-417b1d4 elementor-widget elementor-widget-image\" data-id=\"417b1d4\" data-element_type=\"widget\" data-widget_type=\"image.default\">\n\t\t\t\t<div class=\"elementor-widget-container\">\n\t\t\t\t\t\t\t\t<div class=\"elementor-image\">\n\t\t\t\t\t\t\t\t\t\t\t\t<img width=\"787\" height=\"1024\" src=\"https:\/\/www.spanishcentermonterrey.com\/espanol\/wp-content\/uploads\/2021\/08\/Depositphotos_63173113_xl-2015-787x1024.jpg\" class=\"attachment-large size-large\" alt=\"\" loading=\"lazy\" srcset=\"https:\/\/www.spanishcentermonterrey.com\/espanol\/wp-content\/uploads\/2021\/08\/Depositphotos_63173113_xl-2015-787x1024.jpg 787w, https:\/\/www.spanishcentermonterrey.com\/espanol\/wp-content\/uploads\/2021\/08\/Depositphotos_63173113_xl-2015-231x300.jpg 231w, https:\/\/www.spanishcentermonterrey.com\/espanol\/wp-content\/uploads\/2021\/08\/Depositphotos_63173113_xl-2015-768x999.jpg 768w, https:\/\/www.spanishcentermonterrey.com\/espanol\/wp-content\/uploads\/2021\/08\/Depositphotos_63173113_xl-2015-1181x1536.jpg 1181w, https:\/\/www.spanishcentermonterrey.com\/espanol\/wp-content\/uploads\/2021\/08\/Depositphotos_63173113_xl-2015-1574x2048.jpg 1574w, https:\/\/www.spanishcentermonterrey.com\/espanol\/wp-content\/uploads\/2021\/08\/Depositphotos_63173113_xl-2015-720x937.jpg 720w, https:\/\/www.spanishcentermonterrey.com\/espanol\/wp-content\/uploads\/2021\/08\/Depositphotos_63173113_xl-2015-scaled.jpg 1968w\" sizes=\"(max-width: 787px) 100vw, 787px\" \/>\t\t\t\t\t\t\t\t\t\t\t\t\t\t<\/div>\n\t\t\t\t\t\t<\/div>\n\t\t\t\t<\/div>\n\t\t\t\t\t\t<\/div>\n\t\t\t\t\t<\/div>\n\t\t<\/div>\n\t\t\t\t<div class=\"elementor-column elementor-col-50 elementor-top-column elementor-element elementor-element-75fe6bf ot-flex-column-vertical\" data-id=\"75fe6bf\" data-element_type=\"column\">\n\t\t\t<div class=\"elementor-column-wrap elementor-element-populated\">\n\t\t\t\t\t\t\t<div class=\"elementor-widget-wrap\">\n\t\t\t\t\t\t<div class=\"elementor-element elementor-element-1c7201d elementor-widget elementor-widget-text-editor\" data-id=\"1c7201d\" data-element_type=\"widget\" data-widget_type=\"text-editor.default\">\n\t\t\t\t<div class=\"elementor-widget-container\">\n\t\t\t\t\t\t\t\t<div class=\"elementor-text-editor elementor-clearfix\">\n\t\t\t\tPor favor completa el formato que est\u00e1 abajo y en breve te contactaremos. Tambi\u00e9n puedes contactarnos a trav\u00e9s del correo electr\u00f3nico: <a href=\"mailto:spanishmonterrey@gmail.com\" style=\"color: #0000ff;\">spanishmonterrey@gmail.com<\/a>\t\t\t\t\t<\/div>\n\t\t\t\t\t\t<\/div>\n\t\t\t\t<\/div>\n\t\t\t\t<div class=\"elementor-element elementor-element-16969b6 elementor-widget-divider--view-line elementor-widget elementor-widget-divider\" data-id=\"16969b6\" data-element_type=\"widget\" data-widget_type=\"divider.default\">\n\t\t\t\t<div class=\"elementor-widget-container\">\n\t\t\t\t\t<div class=\"elementor-divider\">\n\t\t\t<span class=\"elementor-divider-separator\">\n\t\t\t\t\t\t<\/span>\n\t\t<\/div>\n\t\t\t\t<\/div>\n\t\t\t\t<\/div>\n\t\t\t\t<div class=\"elementor-element elementor-element-9b928dc elementor-widget elementor-widget-text-editor\" data-id=\"9b928dc\" data-element_type=\"widget\" data-widget_type=\"text-editor.default\">\n\t\t\t\t<div class=\"elementor-widget-container\">\n\t\t\t\t\t\t\t\t<div class=\"elementor-text-editor elementor-clearfix\">\n\t\t\t\t<div class=\"wpforms-container wpforms-container-full\" id=\"wpforms-84429\"><form id=\"wpforms-form-84429\" class=\"wpforms-validate wpforms-form wpforms-ajax-form\" data-formid=\"84429\" method=\"post\" enctype=\"multipart\/form-data\" action=\"\/espanol\/wp-json\/wp\/v2\/pages\/82833\" data-token=\"b308d7f51d18ccd165b04a4a70321865\"><noscript class=\"wpforms-error-noscript\">Por favor, activa JavaScript en tu navegador para completar este formulario.<\/noscript><div class=\"wpforms-field-container\"><div id=\"wpforms-84429-field_3-container\" class=\"wpforms-field wpforms-field-name\" data-field-id=\"3\"><label class=\"wpforms-field-label\" for=\"wpforms-84429-field_3\">Tu nombre <span class=\"wpforms-required-label\">*<\/span><\/label><input type=\"text\" id=\"wpforms-84429-field_3\" class=\"wpforms-field-large wpforms-field-required\" name=\"wpforms[fields][3]\" required><\/div><div id=\"wpforms-84429-field_4-container\" class=\"wpforms-field wpforms-field-email\" data-field-id=\"4\"><label class=\"wpforms-field-label\" for=\"wpforms-84429-field_4\">Tu correo electr\u00f3nico <span class=\"wpforms-required-label\">*<\/span><\/label><input type=\"email\" id=\"wpforms-84429-field_4\" class=\"wpforms-field-large wpforms-field-required\" name=\"wpforms[fields][4]\" spellcheck=\"false\" required><\/div><div id=\"wpforms-84429-field_5-container\" class=\"wpforms-field wpforms-field-text\" data-field-id=\"5\"><label class=\"wpforms-field-label\" for=\"wpforms-84429-field_5\">G\u00e9nero <span class=\"wpforms-required-label\">*<\/span><\/label><input type=\"text\" id=\"wpforms-84429-field_5\" class=\"wpforms-field-large wpforms-field-required\" name=\"wpforms[fields][5]\" required><\/div><div id=\"wpforms-84429-field_6-container\" class=\"wpforms-field wpforms-field-number\" data-field-id=\"6\"><label class=\"wpforms-field-label\" for=\"wpforms-84429-field_6\">Tel\u00e9fono <span class=\"wpforms-required-label\">*<\/span><\/label><input type=\"number\" pattern=\"\\d*\" id=\"wpforms-84429-field_6\" class=\"wpforms-field-large wpforms-field-required\" name=\"wpforms[fields][6]\" required><\/div><div id=\"wpforms-84429-field_7-container\" class=\"wpforms-field wpforms-field-text\" data-field-id=\"7\"><label class=\"wpforms-field-label\" for=\"wpforms-84429-field_7\">Nacionalidad <span class=\"wpforms-required-label\">*<\/span><\/label><input type=\"text\" id=\"wpforms-84429-field_7\" class=\"wpforms-field-large wpforms-field-required\" name=\"wpforms[fields][7]\" required><\/div><div id=\"wpforms-84429-field_8-container\" class=\"wpforms-field wpforms-field-number\" data-field-id=\"8\"><label class=\"wpforms-field-label\" for=\"wpforms-84429-field_8\">Edad <span class=\"wpforms-required-label\">*<\/span><\/label><input type=\"number\" pattern=\"\\d*\" id=\"wpforms-84429-field_8\" class=\"wpforms-field-large wpforms-field-required\" name=\"wpforms[fields][8]\" required><\/div><div id=\"wpforms-84429-field_9-container\" class=\"wpforms-field wpforms-field-text\" data-field-id=\"9\"><label class=\"wpforms-field-label\" for=\"wpforms-84429-field_9\">\u00bfCu\u00e1l es tu lugar de residencia actual? <span class=\"wpforms-required-label\">*<\/span><\/label><input type=\"text\" id=\"wpforms-84429-field_9\" class=\"wpforms-field-large wpforms-field-required\" name=\"wpforms[fields][9]\" required><\/div><div id=\"wpforms-84429-field_11-container\" class=\"wpforms-field wpforms-field-text\" data-field-id=\"11\"><label class=\"wpforms-field-label\" for=\"wpforms-84429-field_11\">Asunto<\/label><input type=\"text\" id=\"wpforms-84429-field_11\" class=\"wpforms-field-large\" name=\"wpforms[fields][11]\" ><\/div><div id=\"wpforms-84429-field_10-container\" class=\"wpforms-field wpforms-field-textarea\" data-field-id=\"10\"><label class=\"wpforms-field-label\" for=\"wpforms-84429-field_10\">(Cu\u00e9ntanos sobre ti. \u00bfSabes algo de espa\u00f1ol? \u00bfQu\u00e9 modalidad te gustar\u00eda probar? Etc.)<\/label><textarea id=\"wpforms-84429-field_10\" class=\"wpforms-field-medium\" name=\"wpforms[fields][10]\" ><\/textarea><\/div><\/div><!-- .wpforms-field-container --><div class=\"wpforms-recaptcha-container wpforms-is-recaptcha\" ><div class=\"g-recaptcha\" data-sitekey=\"6LdjxnApAAAAAIlpRh2oCoXxN0hz2QrvcYQvTG0P\"><\/div><input type=\"text\" name=\"g-recaptcha-hidden\" class=\"wpforms-recaptcha-hidden\" style=\"position:absolute!important;clip:rect(0,0,0,0)!important;height:1px!important;width:1px!important;border:0!important;overflow:hidden!important;padding:0!important;margin:0!important;\" data-rule-recaptcha=\"1\"><\/div><div class=\"wpforms-submit-container\" ><input type=\"hidden\" name=\"wpforms[id]\" value=\"84429\"><input type=\"hidden\" name=\"wpforms[author]\" value=\"1\"><button type=\"submit\" name=\"wpforms[submit]\" id=\"wpforms-submit-84429\" class=\"wpforms-submit\" data-alt-text=\"Enviando...\" data-submit-text=\"Enviar\" aria-live=\"assertive\" value=\"wpforms-submit\">Enviar<\/button><img loading=\"lazy\" src=\"https:\/\/www.spanishcentermonterrey.com\/espanol\/wp-content\/plugins\/wpforms-lite\/assets\/images\/submit-spin.svg\" class=\"wpforms-submit-spinner\" style=\"display: none;\" width=\"26\" height=\"26\" alt=\"Cargando\"><\/div><\/form><\/div>  <!-- .wpforms-container -->\t\t\t\t\t<\/div>\n\t\t\t\t\t\t<\/div>\n\t\t\t\t<\/div>\n\t\t\t\t\t\t<\/div>\n\t\t\t\t\t<\/div>\n\t\t<\/div>\n\t\t\t\t\t\t\t\t<\/div>\n\t\t\t\t\t<\/div>\n\t\t<\/section>\n\t\t\t\t<section class=\"elementor-section elementor-top-section elementor-element elementor-element-2aa1e36 ot-traditional elementor-section-boxed elementor-section-height-default elementor-section-height-default\" data-id=\"2aa1e36\" data-element_type=\"section\">\n\t\t\t\t\t\t<div class=\"elementor-container elementor-column-gap-default\">\n\t\t\t\t\t\t\t<div class=\"elementor-row\">\n\t\t\t\t\t<div class=\"elementor-column elementor-col-100 elementor-top-column elementor-element elementor-element-d5147bb ot-flex-column-vertical\" data-id=\"d5147bb\" data-element_type=\"column\">\n\t\t\t<div class=\"elementor-column-wrap elementor-element-populated\">\n\t\t\t\t\t\t\t<div class=\"elementor-widget-wrap\">\n\t\t\t\t\t\t<div class=\"elementor-element elementor-element-236649b elementor-widget elementor-widget-html\" data-id=\"236649b\" data-element_type=\"widget\" data-widget_type=\"html.default\">\n\t\t\t\t<div class=\"elementor-widget-container\">\n\t\t\t<iframe src=\"https:\/\/www.google.com\/maps\/embed?pb=!1m18!1m12!1m3!1d3595.701197910542!2d-100.34722959999999!3d25.681198000000002!2m3!1f0!2f0!3f0!3m2!1i1024!2i768!4f13.1!3m3!1m2!1s0x866295fdaed5c55b%3A0x761ae10440c1279e!2sFrancisco%20Garza%20Sada%20582%2C%20Chepevera%2C%2064030%20Monterrey%2C%20N.L.!5e0!3m2!1sen!2smx!4v1683859471586!5m2!1sen!2smx\" width=\"600\" height=\"450\" style=\"border:0;\" allowfullscreen=\"\" loading=\"lazy\" referrerpolicy=\"no-referrer-when-downgrade\"><\/iframe>\t\t<\/div>\n\t\t\t\t<\/div>\n\t\t\t\t\t\t<\/div>\n\t\t\t\t\t<\/div>\n\t\t<\/div>\n\t\t\t\t\t\t\t\t<\/div>\n\t\t\t\t\t<\/div>\n\t\t<\/section>\n\t\t\t\t\t\t<\/div>\n\t\t\t\t\t\t<\/div>\n\t\t\t\t\t<\/div>\n\t\t","protected":false},"excerpt":{"rendered":"<p>Cont\u00e1ctanos Por favor completa el formato que est\u00e1 abajo y en breve te contactaremos. Tambi\u00e9n puedes contactarnos a trav\u00e9s del correo electr\u00f3nico: spanishmonterrey@gmail.com<\/p>\n","protected":false},"author":1,"featured_media":0,"parent":0,"menu_order":0,"comment_status":"closed","ping_status":"closed","template":"","meta":[],"_links":{"self":[{"href":"https:\/\/www.spanishcentermonterrey.com\/espanol\/wp-json\/wp\/v2\/pages\/82833"}],"collection":[{"href":"https:\/\/www.spanishcentermonterrey.com\/espanol\/wp-json\/wp\/v2\/pages"}],"about":[{"href":"https:\/\/www.spanishcentermonterrey.com\/espanol\/wp-json\/wp\/v2\/types\/page"}],"author":[{"embeddable":true,"href":"https:\/\/www.spanishcentermonterrey.com\/espanol\/wp-json\/wp\/v2\/users\/1"}],"replies":[{"embeddable":true,"href":"https:\/\/www.spanishcentermonterrey.com\/espanol\/wp-json\/wp\/v2\/comments?post=82833"}],"version-history":[{"count":45,"href":"https:\/\/www.spanishcentermonterrey.com\/espanol\/wp-json\/wp\/v2\/pages\/82833\/revisions"}],"predecessor-version":[{"id":84477,"href":"https:\/\/www.spanishcentermonterrey.com\/espanol\/wp-json\/wp\/v2\/pages\/82833\/revisions\/84477"}],"wp:attachment":[{"href":"https:\/\/www.spanishcentermonterrey.com\/espanol\/wp-json\/wp\/v2\/media?parent=82833"}],"curies":[{"name":"wp","href":"https:\/\/api.w.org\/{rel}","templated":true}]}}