{"id":83301,"date":"2021-03-22T01:08:48","date_gmt":"2021-03-22T01:08:48","guid":{"rendered":"https:\/\/www.spanishcentermonterrey.com\/espanol\/?page_id=83301"},"modified":"2021-12-21T22:25:53","modified_gmt":"2021-12-21T22:25:53","slug":"preparacion-dele-individual","status":"publish","type":"page","link":"https:\/\/www.spanishcentermonterrey.com\/espanol\/cursos\/curso-espanol-en-linea\/preparacion-dele-individual\/","title":{"rendered":"Preparaci\u00f3n de DELE individual"},"content":{"rendered":"\t\t<div data-elementor-type=\"wp-page\" data-elementor-id=\"83301\" class=\"elementor elementor-83301\" data-elementor-settings=\"[]\">\n\t\t\t\t\t\t<div class=\"elementor-inner\">\n\t\t\t\t\t\t\t<div class=\"elementor-section-wrap\">\n\t\t\t\t\t\t\t<section class=\"elementor-section elementor-top-section elementor-element elementor-element-6a71d506 ot-traditional elementor-section-boxed elementor-section-height-default elementor-section-height-default\" data-id=\"6a71d506\" data-element_type=\"section\">\n\t\t\t\t\t\t<div class=\"elementor-container elementor-column-gap-default\">\n\t\t\t\t\t\t\t<div class=\"elementor-row\">\n\t\t\t\t\t<div class=\"elementor-column elementor-col-100 elementor-top-column elementor-element elementor-element-72b6533c ot-flex-column-vertical\" data-id=\"72b6533c\" data-element_type=\"column\">\n\t\t\t<div class=\"elementor-column-wrap elementor-element-populated\">\n\t\t\t\t\t\t\t<div class=\"elementor-widget-wrap\">\n\t\t\t\t\t\t<div class=\"elementor-element elementor-element-6d1d38c5 elementor-widget elementor-widget-heading\" data-id=\"6d1d38c5\" data-element_type=\"widget\" data-widget_type=\"heading.default\">\n\t\t\t\t<div class=\"elementor-widget-container\">\n\t\t\t<h1 class=\"elementor-heading-title elementor-size-default\">Cursos de espa\u00f1ol en l\u00ednea para preparaci\u00f3n de DELE - Individual\n\n\n<\/h1>\t\t<\/div>\n\t\t\t\t<\/div>\n\t\t\t\t<div class=\"elementor-element elementor-element-252d2a49 elementor-widget elementor-widget-image\" data-id=\"252d2a49\" data-element_type=\"widget\" data-widget_type=\"image.default\">\n\t\t\t\t<div class=\"elementor-widget-container\">\n\t\t\t\t\t\t\t\t<div class=\"elementor-image\">\n\t\t\t\t\t\t\t\t\t\t\t\t<img src=\"https:\/\/www.spanishcentermonterrey.com\/espanol\/wp-content\/uploads\/elementor\/thumbs\/Depositphotos_383331850_xl-2015-scaled-pazfnpj873fn30r0l85vpm1d2a9b1spoad1k53bn8w.jpg\" title=\"Video call. Young woman talks via video on PC\" alt=\"Video call, virtual meeting. Two young female co-workers is talking online via video connection\" \/>\t\t\t\t\t\t\t\t\t\t\t\t\t\t<\/div>\n\t\t\t\t\t\t<\/div>\n\t\t\t\t<\/div>\n\t\t\t\t\t\t<\/div>\n\t\t\t\t\t<\/div>\n\t\t<\/div>\n\t\t\t\t\t\t\t\t<\/div>\n\t\t\t\t\t<\/div>\n\t\t<\/section>\n\t\t\t\t<section class=\"elementor-section elementor-top-section elementor-element elementor-element-d39b885 ot-traditional elementor-section-boxed elementor-section-height-default elementor-section-height-default\" data-id=\"d39b885\" data-element_type=\"section\">\n\t\t\t\t\t\t<div class=\"elementor-container elementor-column-gap-default\">\n\t\t\t\t\t\t\t<div class=\"elementor-row\">\n\t\t\t\t\t<div class=\"elementor-column elementor-col-25 elementor-top-column elementor-element elementor-element-15992d4 ot-flex-column-vertical\" data-id=\"15992d4\" data-element_type=\"column\">\n\t\t\t<div class=\"elementor-column-wrap\">\n\t\t\t\t\t\t\t<div class=\"elementor-widget-wrap\">\n\t\t\t\t\t\t\t\t<\/div>\n\t\t\t\t\t<\/div>\n\t\t<\/div>\n\t\t\t\t<div class=\"elementor-column elementor-col-50 elementor-top-column elementor-element elementor-element-0626618 ot-flex-column-vertical\" data-id=\"0626618\" data-element_type=\"column\">\n\t\t\t<div class=\"elementor-column-wrap elementor-element-populated\">\n\t\t\t\t\t\t\t<div class=\"elementor-widget-wrap\">\n\t\t\t\t\t\t<div class=\"elementor-element elementor-element-006aa99 elementor-widget elementor-widget-image\" data-id=\"006aa99\" data-element_type=\"widget\" data-widget_type=\"image.default\">\n\t\t\t\t<div class=\"elementor-widget-container\">\n\t\t\t\t\t\t\t\t<div class=\"elementor-image\">\n\t\t\t\t\t\t\t\t\t\t\t\t<img width=\"174\" height=\"144\" src=\"https:\/\/www.spanishcentermonterrey.com\/espanol\/wp-content\/uploads\/2021\/04\/logo_dele.png\" class=\"attachment-large size-large\" alt=\"\" loading=\"lazy\" \/>\t\t\t\t\t\t\t\t\t\t\t\t\t\t<\/div>\n\t\t\t\t\t\t<\/div>\n\t\t\t\t<\/div>\n\t\t\t\t<div class=\"elementor-element elementor-element-5c284188 elementor-widget elementor-widget-text-editor\" data-id=\"5c284188\" data-element_type=\"widget\" data-widget_type=\"text-editor.default\">\n\t\t\t\t<div class=\"elementor-widget-container\">\n\t\t\t\t\t\t\t\t<div class=\"elementor-text-editor elementor-clearfix\">\n\t\t\t\t<ul>\n<li>Cursos de espa\u00f1ol en l\u00ednea por Skype, Zoom u otro recurso en l\u00ednea.<\/li>\n<li>Interacci\u00f3n en tiempo real con un profesor nativo.<\/li>\n<li>Registro de inscripci\u00f3n todo el a\u00f1o.<\/li>\n<li>Una o m\u00e1s horas por sesi\u00f3n.<\/li>\n<li>Horario de clase personalizado.<\/li>\n<li>Los estudiantes tendr\u00e1n una evaluaci\u00f3n gratis para determinar su nivel de espa\u00f1ol.  <\/li>\n<li>\u00bfEst\u00e1s interesado en una clase de espa\u00f1ol gratis? Programa una clase sin costo y prueba nuestro m\u00e9todo.<\/li>\n<\/ul>\t\t\t\t\t<\/div>\n\t\t\t\t\t\t<\/div>\n\t\t\t\t<\/div>\n\t\t\t\t<div class=\"elementor-element elementor-element-6bd83188 elementor-widget elementor-widget-heading\" data-id=\"6bd83188\" data-element_type=\"widget\" data-widget_type=\"heading.default\">\n\t\t\t\t<div class=\"elementor-widget-container\">\n\t\t\t<h2 class=\"elementor-heading-title elementor-size-default\">\u00a1Estudia espa\u00f1ol con nosotros!<\/h2>\t\t<\/div>\n\t\t\t\t<\/div>\n\t\t\t\t<div class=\"elementor-element elementor-element-6c4f622 elementor-widget elementor-widget-ibutton\" data-id=\"6c4f622\" data-element_type=\"widget\" data-widget_type=\"ibutton.default\">\n\t\t\t\t<div class=\"elementor-widget-container\">\n\t\t\t\t\t<div class=\"ot-button\">\r\n\t\t\t<a href=\"https:\/\/www.spanishcentermonterrey.com\/espanol\/contacto\/\" class=\"octf-btn octf-btn-primary\">Cont\u00e1ctanos<\/a>\r\n\t    <\/div>\r\n\t    \t\t<\/div>\n\t\t\t\t<\/div>\n\t\t\t\t\t\t<\/div>\n\t\t\t\t\t<\/div>\n\t\t<\/div>\n\t\t\t\t<div class=\"elementor-column elementor-col-25 elementor-top-column elementor-element elementor-element-33df0e4 ot-flex-column-vertical\" data-id=\"33df0e4\" data-element_type=\"column\">\n\t\t\t<div class=\"elementor-column-wrap\">\n\t\t\t\t\t\t\t<div class=\"elementor-widget-wrap\">\n\t\t\t\t\t\t\t\t<\/div>\n\t\t\t\t\t<\/div>\n\t\t<\/div>\n\t\t\t\t\t\t\t\t<\/div>\n\t\t\t\t\t<\/div>\n\t\t<\/section>\n\t\t\t\t\t\t<\/div>\n\t\t\t\t\t\t<\/div>\n\t\t\t\t\t<\/div>\n\t\t","protected":false},"excerpt":{"rendered":"<p>Cursos de espa\u00f1ol en l\u00ednea para preparaci\u00f3n de DELE &#8211; Individual Cursos de espa\u00f1ol en l\u00ednea por Skype, Zoom u otro recurso en l\u00ednea. Interacci\u00f3n en tiempo real con un profesor nativo. Registro de inscripci\u00f3n todo el a\u00f1o. Una o m\u00e1s horas por sesi\u00f3n. Horario de clase personalizado. Los estudiantes tendr\u00e1n una evaluaci\u00f3n gratis para [&hellip;]<\/p>\n","protected":false},"author":1,"featured_media":0,"parent":83270,"menu_order":0,"comment_status":"closed","ping_status":"closed","template":"","meta":[],"_links":{"self":[{"href":"https:\/\/www.spanishcentermonterrey.com\/espanol\/wp-json\/wp\/v2\/pages\/83301"}],"collection":[{"href":"https:\/\/www.spanishcentermonterrey.com\/espanol\/wp-json\/wp\/v2\/pages"}],"about":[{"href":"https:\/\/www.spanishcentermonterrey.com\/espanol\/wp-json\/wp\/v2\/types\/page"}],"author":[{"embeddable":true,"href":"https:\/\/www.spanishcentermonterrey.com\/espanol\/wp-json\/wp\/v2\/users\/1"}],"replies":[{"embeddable":true,"href":"https:\/\/www.spanishcentermonterrey.com\/espanol\/wp-json\/wp\/v2\/comments?post=83301"}],"version-history":[{"count":20,"href":"https:\/\/www.spanishcentermonterrey.com\/espanol\/wp-json\/wp\/v2\/pages\/83301\/revisions"}],"predecessor-version":[{"id":84284,"href":"https:\/\/www.spanishcentermonterrey.com\/espanol\/wp-json\/wp\/v2\/pages\/83301\/revisions\/84284"}],"up":[{"embeddable":true,"href":"https:\/\/www.spanishcentermonterrey.com\/espanol\/wp-json\/wp\/v2\/pages\/83270"}],"wp:attachment":[{"href":"https:\/\/www.spanishcentermonterrey.com\/espanol\/wp-json\/wp\/v2\/media?parent=83301"}],"curies":[{"name":"wp","href":"https:\/\/api.w.org\/{rel}","templated":true}]}}