{"id":83307,"date":"2021-03-22T01:11:18","date_gmt":"2021-03-22T01:11:18","guid":{"rendered":"https:\/\/www.spanishcentermonterrey.com\/espanol\/?page_id=83307"},"modified":"2021-12-21T22:56:03","modified_gmt":"2021-12-21T22:56:03","slug":"individual","status":"publish","type":"page","link":"https:\/\/www.spanishcentermonterrey.com\/espanol\/cursos\/cursos-espanol-presenciales\/clases-espanol-en-la-escuela\/individual\/","title":{"rendered":"Individual"},"content":{"rendered":"\t\t<div data-elementor-type=\"wp-page\" data-elementor-id=\"83307\" class=\"elementor elementor-83307\" data-elementor-settings=\"[]\">\n\t\t\t\t\t\t<div class=\"elementor-inner\">\n\t\t\t\t\t\t\t<div class=\"elementor-section-wrap\">\n\t\t\t\t\t\t\t<section class=\"elementor-section elementor-top-section elementor-element elementor-element-fa73d3d ot-traditional elementor-section-boxed elementor-section-height-default elementor-section-height-default\" data-id=\"fa73d3d\" data-element_type=\"section\">\n\t\t\t\t\t\t<div class=\"elementor-container elementor-column-gap-default\">\n\t\t\t\t\t\t\t<div class=\"elementor-row\">\n\t\t\t\t\t<div class=\"elementor-column elementor-col-100 elementor-top-column elementor-element elementor-element-7527c0b6 ot-flex-column-vertical\" data-id=\"7527c0b6\" data-element_type=\"column\">\n\t\t\t<div class=\"elementor-column-wrap elementor-element-populated\">\n\t\t\t\t\t\t\t<div class=\"elementor-widget-wrap\">\n\t\t\t\t\t\t<div class=\"elementor-element elementor-element-110f29fe elementor-widget elementor-widget-heading\" data-id=\"110f29fe\" data-element_type=\"widget\" data-widget_type=\"heading.default\">\n\t\t\t\t<div class=\"elementor-widget-container\">\n\t\t\t<h1 class=\"elementor-heading-title elementor-size-default\">Cursos de espa\u00f1ol en la escuela - Individuales\n<\/h1>\t\t<\/div>\n\t\t\t\t<\/div>\n\t\t\t\t<div class=\"elementor-element elementor-element-332c1cc2 elementor-widget elementor-widget-image\" data-id=\"332c1cc2\" data-element_type=\"widget\" data-widget_type=\"image.default\">\n\t\t\t\t<div class=\"elementor-widget-container\">\n\t\t\t\t\t\t\t\t<div class=\"elementor-image\">\n\t\t\t\t\t\t\t\t\t\t\t\t<img src=\"https:\/\/www.spanishcentermonterrey.com\/espanol\/wp-content\/uploads\/elementor\/thumbs\/Depositphotos_314829312_xl-2015-scaled-pazf5vjgj90stcnjq0nowm1jc45m0ix063gxd3rjao.jpg\" title=\"Happy mixed race female employee listening to project explanation.\" alt=\"Happy mixed race female employee sitting at table, listening to team leader explaining project details, head shot. Young smiling intern involved in educational training of coach mentor at office.\" \/>\t\t\t\t\t\t\t\t\t\t\t\t\t\t<\/div>\n\t\t\t\t\t\t<\/div>\n\t\t\t\t<\/div>\n\t\t\t\t\t\t<\/div>\n\t\t\t\t\t<\/div>\n\t\t<\/div>\n\t\t\t\t\t\t\t\t<\/div>\n\t\t\t\t\t<\/div>\n\t\t<\/section>\n\t\t\t\t<section class=\"elementor-section elementor-top-section elementor-element elementor-element-aa83527 ot-traditional elementor-section-boxed elementor-section-height-default elementor-section-height-default\" data-id=\"aa83527\" data-element_type=\"section\">\n\t\t\t\t\t\t<div class=\"elementor-container elementor-column-gap-default\">\n\t\t\t\t\t\t\t<div class=\"elementor-row\">\n\t\t\t\t\t<div class=\"elementor-column elementor-col-25 elementor-top-column elementor-element elementor-element-2f62230 ot-flex-column-vertical\" data-id=\"2f62230\" data-element_type=\"column\">\n\t\t\t<div class=\"elementor-column-wrap\">\n\t\t\t\t\t\t\t<div class=\"elementor-widget-wrap\">\n\t\t\t\t\t\t\t\t<\/div>\n\t\t\t\t\t<\/div>\n\t\t<\/div>\n\t\t\t\t<div class=\"elementor-column elementor-col-50 elementor-top-column elementor-element elementor-element-9140282 ot-flex-column-vertical\" data-id=\"9140282\" data-element_type=\"column\">\n\t\t\t<div class=\"elementor-column-wrap elementor-element-populated\">\n\t\t\t\t\t\t\t<div class=\"elementor-widget-wrap\">\n\t\t\t\t\t\t<div class=\"elementor-element elementor-element-2d009691 elementor-widget__width-auto elementory_icon_bg_colored elementory_icon_area_circle elementory_element_connector_no elementory_icon_position_center elementor-widget elementor-widget-elementory-icon-box\" data-id=\"2d009691\" data-element_type=\"widget\" data-widget_type=\"elementory-icon-box.default\">\n\t\t\t\t<div class=\"elementor-widget-container\">\n\t\t\t\n\t\t<div class=\"elementory_icon_box_container\">\n\t\t\t<div class=\"elementory_icon_box_item\">\n\t\t\t\t\t\t\t\t\n\t\t\t\t<div class=\"elementory_icon_box_item_inner\">\n\t\t\t\t\t<div class=\"elementory_icon_container\">\n\t\t\t\t\t\t<span class=\"elementory_icon_wrapper\">\n\t\t\t\t\t\t\t<i aria-hidden=\"true\" class=\"fas fa-bookmark\"><\/i>\t\t\t\t\t\t<\/span>\n\t\t\t\t\t<\/div>\n\t\t\t\t\t\n\t\t\t\t\t<div class=\"elementory_icon_box_content_container\">\n\t\t\t\t\t\t<div class=\"elementory_icon_box_title\">\n\t\t\t\t\t\t\t<h4><\/h4>\n\t\t\t\t\t\t<\/div>\n\t\t\t\t\t\t\n\t\t\t\t\t\t<div class=\"elementory_icon_box_description\">\n\t\t\t\t\t\t\t<span><\/span>\n\t\t\t\t\t\t<\/div>\n\t\t\t\t\t<\/div>\n\t\t\t\t\t\n\t\t\t\t\t<div class=\"clear\"><\/div>\n\t\t\t\t<\/div>\n\t\t\t\t\n\t\t\t\t\t\t\t<\/div>\n\t\t<\/div>\n\t\t\t\t<\/div>\n\t\t\t\t<\/div>\n\t\t\t\t<div class=\"elementor-element elementor-element-6f10bf95 elementor-widget__width-auto elementor-widget elementor-widget-heading\" data-id=\"6f10bf95\" data-element_type=\"widget\" data-widget_type=\"heading.default\">\n\t\t\t\t<div class=\"elementor-widget-container\">\n\t\t\t<h2 class=\"elementor-heading-title elementor-size-default\">Regular<\/h2>\t\t<\/div>\n\t\t\t\t<\/div>\n\t\t\t\t<div class=\"elementor-element elementor-element-370f2617 elementor-widget elementor-widget-text-editor\" data-id=\"370f2617\" data-element_type=\"widget\" data-widget_type=\"text-editor.default\">\n\t\t\t\t<div class=\"elementor-widget-container\">\n\t\t\t\t\t\t\t\t<div class=\"elementor-text-editor elementor-clearfix\">\n\t\t\t\tCurso de:\n<ul>\n \t<li>30 horas<\/li>\n \t<li>60 horas<\/li>\n \t<li>90 horas<\/li>\n \t<li>120 horas<\/li>\n<\/ul>\n<strong>Se requieren alrededor de 120 horas para completar un nivel <\/strong>\n<ul>\n \t<li>Cursos de espa\u00f1ol individuales en las instalaciones de la escuela.<\/li>\n \t<li>Registro de inscripci\u00f3n todo el a\u00f1o.<\/li>\n \t<li>Una o m\u00e1s horas por sesi\u00f3n.<\/li>\n \t<li>Horario de clase personalizado.<\/li>\n \t<li>Los estudiantes tendr\u00e1n una evaluaci\u00f3n gratis para determinar su nivel inicial de espa\u00f1ol.    <\/li>\n \t<li>\u00bfEst\u00e1s interesado en una clase de espa\u00f1ol gratis? Programa una clase sin costo y prueba nuestro m\u00e9todo.<\/li>\n<\/ul>\t\t\t\t\t<\/div>\n\t\t\t\t\t\t<\/div>\n\t\t\t\t<\/div>\n\t\t\t\t<div class=\"elementor-element elementor-element-3c691495 elementor-widget elementor-widget-heading\" data-id=\"3c691495\" data-element_type=\"widget\" data-widget_type=\"heading.default\">\n\t\t\t\t<div class=\"elementor-widget-container\">\n\t\t\t<h2 class=\"elementor-heading-title elementor-size-default\">\u00a1Estudia espa\u00f1ol con nosotros!<\/h2>\t\t<\/div>\n\t\t\t\t<\/div>\n\t\t\t\t<div class=\"elementor-element elementor-element-1a2cdf77 elementor-widget elementor-widget-ibutton\" data-id=\"1a2cdf77\" data-element_type=\"widget\" data-widget_type=\"ibutton.default\">\n\t\t\t\t<div class=\"elementor-widget-container\">\n\t\t\t\t\t<div class=\"ot-button\">\r\n\t\t\t<a href=\"https:\/\/www.spanishcentermonterrey.com\/espanol\/contacto\/\" class=\"octf-btn octf-btn-primary\">Cont\u00e1ctanos<\/a>\r\n\t    <\/div>\r\n\t    \t\t<\/div>\n\t\t\t\t<\/div>\n\t\t\t\t\t\t<\/div>\n\t\t\t\t\t<\/div>\n\t\t<\/div>\n\t\t\t\t<div class=\"elementor-column elementor-col-25 elementor-top-column elementor-element elementor-element-066bd77 ot-flex-column-vertical\" data-id=\"066bd77\" data-element_type=\"column\">\n\t\t\t<div class=\"elementor-column-wrap\">\n\t\t\t\t\t\t\t<div class=\"elementor-widget-wrap\">\n\t\t\t\t\t\t\t\t<\/div>\n\t\t\t\t\t<\/div>\n\t\t<\/div>\n\t\t\t\t\t\t\t\t<\/div>\n\t\t\t\t\t<\/div>\n\t\t<\/section>\n\t\t\t\t<section class=\"elementor-section elementor-top-section elementor-element elementor-element-d9515d8 ot-traditional elementor-section-boxed elementor-section-height-default elementor-section-height-default\" data-id=\"d9515d8\" data-element_type=\"section\">\n\t\t\t\t\t\t<div class=\"elementor-container elementor-column-gap-default\">\n\t\t\t\t\t\t\t<div class=\"elementor-row\">\n\t\t\t\t\t<div class=\"elementor-column elementor-col-25 elementor-top-column elementor-element elementor-element-d693381 ot-flex-column-vertical\" data-id=\"d693381\" data-element_type=\"column\">\n\t\t\t<div class=\"elementor-column-wrap\">\n\t\t\t\t\t\t\t<div class=\"elementor-widget-wrap\">\n\t\t\t\t\t\t\t\t<\/div>\n\t\t\t\t\t<\/div>\n\t\t<\/div>\n\t\t\t\t<div class=\"elementor-column elementor-col-50 elementor-top-column elementor-element elementor-element-0087181 ot-flex-column-vertical\" data-id=\"0087181\" data-element_type=\"column\">\n\t\t\t<div class=\"elementor-column-wrap elementor-element-populated\">\n\t\t\t\t\t\t\t<div class=\"elementor-widget-wrap\">\n\t\t\t\t\t\t<div class=\"elementor-element elementor-element-2d21c92b elementor-widget__width-auto elementory_icon_bg_colored elementory_icon_area_circle elementory_element_connector_no elementory_icon_position_center elementor-widget elementor-widget-elementory-icon-box\" data-id=\"2d21c92b\" data-element_type=\"widget\" data-widget_type=\"elementory-icon-box.default\">\n\t\t\t\t<div class=\"elementor-widget-container\">\n\t\t\t\n\t\t<div class=\"elementory_icon_box_container\">\n\t\t\t<div class=\"elementory_icon_box_item\">\n\t\t\t\t\t\t\t\t\n\t\t\t\t<div class=\"elementory_icon_box_item_inner\">\n\t\t\t\t\t<div class=\"elementory_icon_container\">\n\t\t\t\t\t\t<span class=\"elementory_icon_wrapper\">\n\t\t\t\t\t\t\t<i aria-hidden=\"true\" class=\"fas fa-bookmark\"><\/i>\t\t\t\t\t\t<\/span>\n\t\t\t\t\t<\/div>\n\t\t\t\t\t\n\t\t\t\t\t<div class=\"elementory_icon_box_content_container\">\n\t\t\t\t\t\t<div class=\"elementory_icon_box_title\">\n\t\t\t\t\t\t\t<h4><\/h4>\n\t\t\t\t\t\t<\/div>\n\t\t\t\t\t\t\n\t\t\t\t\t\t<div class=\"elementory_icon_box_description\">\n\t\t\t\t\t\t\t<span><\/span>\n\t\t\t\t\t\t<\/div>\n\t\t\t\t\t<\/div>\n\t\t\t\t\t\n\t\t\t\t\t<div class=\"clear\"><\/div>\n\t\t\t\t<\/div>\n\t\t\t\t\n\t\t\t\t\t\t\t<\/div>\n\t\t<\/div>\n\t\t\t\t<\/div>\n\t\t\t\t<\/div>\n\t\t\t\t<div class=\"elementor-element elementor-element-3a83d10e elementor-widget__width-auto elementor-widget elementor-widget-heading\" data-id=\"3a83d10e\" data-element_type=\"widget\" data-widget_type=\"heading.default\">\n\t\t\t\t<div class=\"elementor-widget-container\">\n\t\t\t<h2 class=\"elementor-heading-title elementor-size-default\">Intensivo<\/h2>\t\t<\/div>\n\t\t\t\t<\/div>\n\t\t\t\t<div class=\"elementor-element elementor-element-9f9826 elementor-widget elementor-widget-text-editor\" data-id=\"9f9826\" data-element_type=\"widget\" data-widget_type=\"text-editor.default\">\n\t\t\t\t<div class=\"elementor-widget-container\">\n\t\t\t\t\t\t\t\t<div class=\"elementor-text-editor elementor-clearfix\">\n\t\t\t\tCurso de:\n<ul>\n \t<li>30 horas<\/li>\n \t<li>60 horas<\/li>\n \t<li>90 horas<\/li>\n \t<li>120 horas<\/li>\n<\/ul>\n<strong>Se requieren alrededor de 120 horas para completar un nivel. <\/strong>\n<ul>\n \t<li>Cursos de espa\u00f1ol individuales en las instalaciones de la escuela.<\/li>\n \t<li>Registro de inscripci\u00f3n todo el a\u00f1o.<\/li>\n \t<li>Tres o m\u00e1s horas por sesi\u00f3n.<\/li>\n \t<li>Horario de clase personalizado.<\/li>\n \t<li>Los estudiantes tendr\u00e1n una evaluaci\u00f3n gratis para determinar su nivel inicial de espa\u00f1ol.    <\/li>\n \t<li>\u00bfEst\u00e1s interesado en una clase de espa\u00f1ol gratis? Programa una clase sin costo y prueba nuestro m\u00e9todo.<\/li>\n<\/ul>\t\t\t\t\t<\/div>\n\t\t\t\t\t\t<\/div>\n\t\t\t\t<\/div>\n\t\t\t\t<div class=\"elementor-element elementor-element-17485a84 elementor-widget elementor-widget-heading\" data-id=\"17485a84\" data-element_type=\"widget\" data-widget_type=\"heading.default\">\n\t\t\t\t<div class=\"elementor-widget-container\">\n\t\t\t<h2 class=\"elementor-heading-title elementor-size-default\">\u00a1Estudia espa\u00f1ol con nosotros!<\/h2>\t\t<\/div>\n\t\t\t\t<\/div>\n\t\t\t\t<div class=\"elementor-element elementor-element-380f0a42 elementor-widget elementor-widget-ibutton\" data-id=\"380f0a42\" data-element_type=\"widget\" data-widget_type=\"ibutton.default\">\n\t\t\t\t<div class=\"elementor-widget-container\">\n\t\t\t\t\t<div class=\"ot-button\">\r\n\t\t\t<a href=\"https:\/\/www.spanishcentermonterrey.com\/espanol\/contacto\/\" class=\"octf-btn octf-btn-primary\">Cont\u00e1ctanos<\/a>\r\n\t    <\/div>\r\n\t    \t\t<\/div>\n\t\t\t\t<\/div>\n\t\t\t\t\t\t<\/div>\n\t\t\t\t\t<\/div>\n\t\t<\/div>\n\t\t\t\t<div class=\"elementor-column elementor-col-25 elementor-top-column elementor-element elementor-element-c353742 ot-flex-column-vertical\" data-id=\"c353742\" data-element_type=\"column\">\n\t\t\t<div class=\"elementor-column-wrap\">\n\t\t\t\t\t\t\t<div class=\"elementor-widget-wrap\">\n\t\t\t\t\t\t\t\t<\/div>\n\t\t\t\t\t<\/div>\n\t\t<\/div>\n\t\t\t\t\t\t\t\t<\/div>\n\t\t\t\t\t<\/div>\n\t\t<\/section>\n\t\t\t\t\t\t<\/div>\n\t\t\t\t\t\t<\/div>\n\t\t\t\t\t<\/div>\n\t\t","protected":false},"excerpt":{"rendered":"<p>Cursos de espa\u00f1ol en la escuela &#8211; Individuales Regular Curso de: 30 horas 60 horas 90 horas 120 horas Se requieren alrededor de 120 horas para completar un nivel Cursos de espa\u00f1ol individuales en las instalaciones de la escuela. Registro de inscripci\u00f3n todo el a\u00f1o. Una o m\u00e1s horas por sesi\u00f3n. Horario de clase personalizado. [&hellip;]<\/p>\n","protected":false},"author":1,"featured_media":0,"parent":83305,"menu_order":0,"comment_status":"closed","ping_status":"closed","template":"","meta":[],"_links":{"self":[{"href":"https:\/\/www.spanishcentermonterrey.com\/espanol\/wp-json\/wp\/v2\/pages\/83307"}],"collection":[{"href":"https:\/\/www.spanishcentermonterrey.com\/espanol\/wp-json\/wp\/v2\/pages"}],"about":[{"href":"https:\/\/www.spanishcentermonterrey.com\/espanol\/wp-json\/wp\/v2\/types\/page"}],"author":[{"embeddable":true,"href":"https:\/\/www.spanishcentermonterrey.com\/espanol\/wp-json\/wp\/v2\/users\/1"}],"replies":[{"embeddable":true,"href":"https:\/\/www.spanishcentermonterrey.com\/espanol\/wp-json\/wp\/v2\/comments?post=83307"}],"version-history":[{"count":29,"href":"https:\/\/www.spanishcentermonterrey.com\/espanol\/wp-json\/wp\/v2\/pages\/83307\/revisions"}],"predecessor-version":[{"id":84319,"href":"https:\/\/www.spanishcentermonterrey.com\/espanol\/wp-json\/wp\/v2\/pages\/83307\/revisions\/84319"}],"up":[{"embeddable":true,"href":"https:\/\/www.spanishcentermonterrey.com\/espanol\/wp-json\/wp\/v2\/pages\/83305"}],"wp:attachment":[{"href":"https:\/\/www.spanishcentermonterrey.com\/espanol\/wp-json\/wp\/v2\/media?parent=83307"}],"curies":[{"name":"wp","href":"https:\/\/api.w.org\/{rel}","templated":true}]}}