{"id":83313,"date":"2021-03-22T01:13:20","date_gmt":"2021-03-22T01:13:20","guid":{"rendered":"https:\/\/www.spanishcentermonterrey.com\/espanol\/?page_id=83313"},"modified":"2021-12-23T15:31:14","modified_gmt":"2021-12-23T15:31:14","slug":"temas-especificos-individual","status":"publish","type":"page","link":"https:\/\/www.spanishcentermonterrey.com\/espanol\/cursos\/cursos-espanol-presenciales\/clases-espanol-en-la-escuela\/temas-especificos-individual\/","title":{"rendered":"Temas espec\u00edficos individual"},"content":{"rendered":"\t\t<div data-elementor-type=\"wp-page\" data-elementor-id=\"83313\" class=\"elementor elementor-83313\" data-elementor-settings=\"[]\">\n\t\t\t\t\t\t<div class=\"elementor-inner\">\n\t\t\t\t\t\t\t<div class=\"elementor-section-wrap\">\n\t\t\t\t\t\t\t<section class=\"elementor-section elementor-top-section elementor-element elementor-element-4c0e7dc6 ot-traditional elementor-section-boxed elementor-section-height-default elementor-section-height-default\" data-id=\"4c0e7dc6\" data-element_type=\"section\">\n\t\t\t\t\t\t<div class=\"elementor-container elementor-column-gap-default\">\n\t\t\t\t\t\t\t<div class=\"elementor-row\">\n\t\t\t\t\t<div class=\"elementor-column elementor-col-100 elementor-top-column elementor-element elementor-element-10cfe4bd ot-flex-column-vertical\" data-id=\"10cfe4bd\" data-element_type=\"column\">\n\t\t\t<div class=\"elementor-column-wrap elementor-element-populated\">\n\t\t\t\t\t\t\t<div class=\"elementor-widget-wrap\">\n\t\t\t\t\t\t<div class=\"elementor-element elementor-element-3e6717b9 elementor-widget elementor-widget-heading\" data-id=\"3e6717b9\" data-element_type=\"widget\" data-widget_type=\"heading.default\">\n\t\t\t\t<div class=\"elementor-widget-container\">\n\t\t\t<h1 class=\"elementor-heading-title elementor-size-default\">Cursos de espa\u00f1ol en la escuela \n- Temas especiales \n\n\n\n\n\n\n\n<\/h1>\t\t<\/div>\n\t\t\t\t<\/div>\n\t\t\t\t<section class=\"elementor-section elementor-inner-section elementor-element elementor-element-205ec5a5 ot-traditional elementor-section-boxed elementor-section-height-default elementor-section-height-default\" data-id=\"205ec5a5\" data-element_type=\"section\">\n\t\t\t\t\t\t<div class=\"elementor-container elementor-column-gap-default\">\n\t\t\t\t\t\t\t<div class=\"elementor-row\">\n\t\t\t\t\t<div class=\"elementor-column elementor-col-20 elementor-inner-column elementor-element elementor-element-579f1f65 ot-column-items-center ot-flex-column-vertical\" data-id=\"579f1f65\" data-element_type=\"column\">\n\t\t\t<div class=\"elementor-column-wrap elementor-element-populated\">\n\t\t\t\t\t\t\t<div class=\"elementor-widget-wrap\">\n\t\t\t\t\t\t<div class=\"elementor-element elementor-element-48415d9f elementory_element_align_center elementor-widget elementor-widget-elementory-info-box\" data-id=\"48415d9f\" data-element_type=\"widget\" data-widget_type=\"elementory-info-box.default\">\n\t\t\t\t<div class=\"elementor-widget-container\">\n\t\t\t\n\t\t<div class=\"elementory_info_box_container\">\n\t\t\t<div class=\"elementory_info_box_item view_type_3\">\n\t\t\t\t\t\t\t\t\t<div class=\"elementory_info_box_item_inner \" style=\"background: url('https:\/\/www.spanishcentermonterrey.com\/espanol\/wp-content\/uploads\/2021\/05\/Depositphotos_5282907_xl-2015-scaled.jpg')\" >\n\t\t\t\t\t\t<div class=\"elementory_info_box_content elementory_no_description\">\n\t\t\t\t\t\t\t<div class=\"elementory_info_box_title\">\n\t\t\t\t\t\t\t\t<div class=\"elementory_info_box_title_overlay\"><\/div>\n\t\t\t\t\t\t\t\t<h3><\/h3>\n\t\t\t\t\t\t\t<\/div>\n\t\t\t\t\t\t\t\n\t\t\t\t\t\t\t\t\t\t\t\t\t<\/div>\n\t\t\t\t\t<\/div>\n\t\t\t\t\t\t\t\t<\/div>\n\t\t<\/div>\n\t\t\t\t<\/div>\n\t\t\t\t<\/div>\n\t\t\t\t<div class=\"elementor-element elementor-element-527382c4 elementor-widget elementor-widget-heading\" data-id=\"527382c4\" data-element_type=\"widget\" data-widget_type=\"heading.default\">\n\t\t\t\t<div class=\"elementor-widget-container\">\n\t\t\t<h4 class=\"elementor-heading-title elementor-size-default\">Cultura mexicana<\/h4>\t\t<\/div>\n\t\t\t\t<\/div>\n\t\t\t\t\t\t<\/div>\n\t\t\t\t\t<\/div>\n\t\t<\/div>\n\t\t\t\t<div class=\"elementor-column elementor-col-20 elementor-inner-column elementor-element elementor-element-2a87642e ot-flex-column-vertical\" data-id=\"2a87642e\" data-element_type=\"column\">\n\t\t\t<div class=\"elementor-column-wrap elementor-element-populated\">\n\t\t\t\t\t\t\t<div class=\"elementor-widget-wrap\">\n\t\t\t\t\t\t<div class=\"elementor-element elementor-element-10479da0 elementory_element_align_center elementor-widget elementor-widget-elementory-info-box\" data-id=\"10479da0\" data-element_type=\"widget\" data-widget_type=\"elementory-info-box.default\">\n\t\t\t\t<div class=\"elementor-widget-container\">\n\t\t\t\n\t\t<div class=\"elementory_info_box_container\">\n\t\t\t<div class=\"elementory_info_box_item view_type_3\">\n\t\t\t\t\t\t\t\t\t<div class=\"elementory_info_box_item_inner \" style=\"background: url('https:\/\/www.spanishcentermonterrey.com\/espanol\/wp-content\/uploads\/2021\/05\/Depositphotos_4908224_xl-2015-scaled.jpg')\" >\n\t\t\t\t\t\t<div class=\"elementory_info_box_content elementory_no_description\">\n\t\t\t\t\t\t\t<div class=\"elementory_info_box_title\">\n\t\t\t\t\t\t\t\t<div class=\"elementory_info_box_title_overlay\"><\/div>\n\t\t\t\t\t\t\t\t<h3><\/h3>\n\t\t\t\t\t\t\t<\/div>\n\t\t\t\t\t\t\t\n\t\t\t\t\t\t\t\t\t\t\t\t\t<\/div>\n\t\t\t\t\t<\/div>\n\t\t\t\t\t\t\t\t<\/div>\n\t\t<\/div>\n\t\t\t\t<\/div>\n\t\t\t\t<\/div>\n\t\t\t\t<div class=\"elementor-element elementor-element-3e6d3603 elementor-widget elementor-widget-heading\" data-id=\"3e6d3603\" data-element_type=\"widget\" data-widget_type=\"heading.default\">\n\t\t\t\t<div class=\"elementor-widget-container\">\n\t\t\t<h4 class=\"elementor-heading-title elementor-size-default\">Vocabulario de negocios<\/h4>\t\t<\/div>\n\t\t\t\t<\/div>\n\t\t\t\t\t\t<\/div>\n\t\t\t\t\t<\/div>\n\t\t<\/div>\n\t\t\t\t<div class=\"elementor-column elementor-col-20 elementor-inner-column elementor-element elementor-element-4ce9377 ot-flex-column-vertical\" data-id=\"4ce9377\" data-element_type=\"column\">\n\t\t\t<div class=\"elementor-column-wrap elementor-element-populated\">\n\t\t\t\t\t\t\t<div class=\"elementor-widget-wrap\">\n\t\t\t\t\t\t<div class=\"elementor-element elementor-element-6746a9d9 elementory_element_align_center elementor-widget elementor-widget-elementory-info-box\" data-id=\"6746a9d9\" data-element_type=\"widget\" data-widget_type=\"elementory-info-box.default\">\n\t\t\t\t<div class=\"elementor-widget-container\">\n\t\t\t\n\t\t<div class=\"elementory_info_box_container\">\n\t\t\t<div class=\"elementory_info_box_item view_type_3\">\n\t\t\t\t\t\t\t\t\t<div class=\"elementory_info_box_item_inner \" style=\"background: url('https:\/\/www.spanishcentermonterrey.com\/espanol\/wp-content\/uploads\/2021\/05\/la-cultura-maya-1.jpg')\" >\n\t\t\t\t\t\t<div class=\"elementory_info_box_content elementory_no_description\">\n\t\t\t\t\t\t\t<div class=\"elementory_info_box_title\">\n\t\t\t\t\t\t\t\t<div class=\"elementory_info_box_title_overlay\"><\/div>\n\t\t\t\t\t\t\t\t<h3><\/h3>\n\t\t\t\t\t\t\t<\/div>\n\t\t\t\t\t\t\t\n\t\t\t\t\t\t\t\t\t\t\t\t\t<\/div>\n\t\t\t\t\t<\/div>\n\t\t\t\t\t\t\t\t<\/div>\n\t\t<\/div>\n\t\t\t\t<\/div>\n\t\t\t\t<\/div>\n\t\t\t\t<div class=\"elementor-element elementor-element-12aa6516 elementor-widget elementor-widget-heading\" data-id=\"12aa6516\" data-element_type=\"widget\" data-widget_type=\"heading.default\">\n\t\t\t\t<div class=\"elementor-widget-container\">\n\t\t\t<h4 class=\"elementor-heading-title elementor-size-default\">Turismo<\/h4>\t\t<\/div>\n\t\t\t\t<\/div>\n\t\t\t\t\t\t<\/div>\n\t\t\t\t\t<\/div>\n\t\t<\/div>\n\t\t\t\t<div class=\"elementor-column elementor-col-20 elementor-inner-column elementor-element elementor-element-261ff81a ot-flex-column-vertical\" data-id=\"261ff81a\" data-element_type=\"column\">\n\t\t\t<div class=\"elementor-column-wrap elementor-element-populated\">\n\t\t\t\t\t\t\t<div class=\"elementor-widget-wrap\">\n\t\t\t\t\t\t<div class=\"elementor-element elementor-element-ec6a04 elementory_element_align_center elementor-widget elementor-widget-elementory-info-box\" data-id=\"ec6a04\" data-element_type=\"widget\" data-widget_type=\"elementory-info-box.default\">\n\t\t\t\t<div class=\"elementor-widget-container\">\n\t\t\t\n\t\t<div class=\"elementory_info_box_container\">\n\t\t\t<div class=\"elementory_info_box_item view_type_3\">\n\t\t\t\t\t\t\t\t\t<div class=\"elementory_info_box_item_inner \" style=\"background: url('https:\/\/www.spanishcentermonterrey.com\/espanol\/wp-content\/uploads\/2021\/05\/Depositphotos_319518732_xl-2015-1.jpg')\" >\n\t\t\t\t\t\t<div class=\"elementory_info_box_content elementory_no_description\">\n\t\t\t\t\t\t\t<div class=\"elementory_info_box_title\">\n\t\t\t\t\t\t\t\t<div class=\"elementory_info_box_title_overlay\"><\/div>\n\t\t\t\t\t\t\t\t<h3><\/h3>\n\t\t\t\t\t\t\t<\/div>\n\t\t\t\t\t\t\t\n\t\t\t\t\t\t\t\t\t\t\t\t\t<\/div>\n\t\t\t\t\t<\/div>\n\t\t\t\t\t\t\t\t<\/div>\n\t\t<\/div>\n\t\t\t\t<\/div>\n\t\t\t\t<\/div>\n\t\t\t\t<div class=\"elementor-element elementor-element-f7f1b1e elementor-widget elementor-widget-heading\" data-id=\"f7f1b1e\" data-element_type=\"widget\" data-widget_type=\"heading.default\">\n\t\t\t\t<div class=\"elementor-widget-container\">\n\t\t\t<h4 class=\"elementor-heading-title elementor-size-default\">Pol\u00edtica<\/h4>\t\t<\/div>\n\t\t\t\t<\/div>\n\t\t\t\t\t\t<\/div>\n\t\t\t\t\t<\/div>\n\t\t<\/div>\n\t\t\t\t<div class=\"elementor-column elementor-col-20 elementor-inner-column elementor-element elementor-element-47f754cf ot-flex-column-vertical\" data-id=\"47f754cf\" data-element_type=\"column\">\n\t\t\t<div class=\"elementor-column-wrap elementor-element-populated\">\n\t\t\t\t\t\t\t<div class=\"elementor-widget-wrap\">\n\t\t\t\t\t\t<div class=\"elementor-element elementor-element-54644136 elementory_element_align_center elementor-widget elementor-widget-elementory-info-box\" data-id=\"54644136\" data-element_type=\"widget\" data-widget_type=\"elementory-info-box.default\">\n\t\t\t\t<div class=\"elementor-widget-container\">\n\t\t\t\n\t\t<div class=\"elementory_info_box_container\">\n\t\t\t<div class=\"elementory_info_box_item view_type_3\">\n\t\t\t\t\t\t\t\t\t<div class=\"elementory_info_box_item_inner \" style=\"background: url('https:\/\/www.spanishcentermonterrey.com\/espanol\/wp-content\/uploads\/2021\/05\/finances.jpg')\" >\n\t\t\t\t\t\t<div class=\"elementory_info_box_content elementory_no_description\">\n\t\t\t\t\t\t\t<div class=\"elementory_info_box_title\">\n\t\t\t\t\t\t\t\t<div class=\"elementory_info_box_title_overlay\"><\/div>\n\t\t\t\t\t\t\t\t<h3><\/h3>\n\t\t\t\t\t\t\t<\/div>\n\t\t\t\t\t\t\t\n\t\t\t\t\t\t\t\t\t\t\t\t\t<\/div>\n\t\t\t\t\t<\/div>\n\t\t\t\t\t\t\t\t<\/div>\n\t\t<\/div>\n\t\t\t\t<\/div>\n\t\t\t\t<\/div>\n\t\t\t\t<div class=\"elementor-element elementor-element-3248e505 elementor-widget elementor-widget-heading\" data-id=\"3248e505\" data-element_type=\"widget\" data-widget_type=\"heading.default\">\n\t\t\t\t<div class=\"elementor-widget-container\">\n\t\t\t<h4 class=\"elementor-heading-title elementor-size-default\">Finanzas<\/h4>\t\t<\/div>\n\t\t\t\t<\/div>\n\t\t\t\t\t\t<\/div>\n\t\t\t\t\t<\/div>\n\t\t<\/div>\n\t\t\t\t\t\t\t\t<\/div>\n\t\t\t\t\t<\/div>\n\t\t<\/section>\n\t\t\t\t<div class=\"elementor-element elementor-element-2ad291ca elementor-widget-divider--view-line elementor-widget elementor-widget-divider\" data-id=\"2ad291ca\" data-element_type=\"widget\" data-widget_type=\"divider.default\">\n\t\t\t\t<div class=\"elementor-widget-container\">\n\t\t\t\t\t<div class=\"elementor-divider\">\n\t\t\t<span class=\"elementor-divider-separator\">\n\t\t\t\t\t\t<\/span>\n\t\t<\/div>\n\t\t\t\t<\/div>\n\t\t\t\t<\/div>\n\t\t\t\t\t\t<\/div>\n\t\t\t\t\t<\/div>\n\t\t<\/div>\n\t\t\t\t\t\t\t\t<\/div>\n\t\t\t\t\t<\/div>\n\t\t<\/section>\n\t\t\t\t<section class=\"elementor-section elementor-top-section elementor-element elementor-element-3ac312a ot-traditional elementor-section-boxed elementor-section-height-default elementor-section-height-default\" data-id=\"3ac312a\" data-element_type=\"section\">\n\t\t\t\t\t\t<div class=\"elementor-container elementor-column-gap-default\">\n\t\t\t\t\t\t\t<div class=\"elementor-row\">\n\t\t\t\t\t<div class=\"elementor-column elementor-col-25 elementor-top-column elementor-element elementor-element-0346e79 ot-flex-column-vertical\" data-id=\"0346e79\" data-element_type=\"column\">\n\t\t\t<div class=\"elementor-column-wrap\">\n\t\t\t\t\t\t\t<div class=\"elementor-widget-wrap\">\n\t\t\t\t\t\t\t\t<\/div>\n\t\t\t\t\t<\/div>\n\t\t<\/div>\n\t\t\t\t<div class=\"elementor-column elementor-col-50 elementor-top-column elementor-element elementor-element-b40c331 ot-flex-column-vertical\" data-id=\"b40c331\" data-element_type=\"column\">\n\t\t\t<div class=\"elementor-column-wrap elementor-element-populated\">\n\t\t\t\t\t\t\t<div class=\"elementor-widget-wrap\">\n\t\t\t\t\t\t<div class=\"elementor-element elementor-element-35c5b14e elementor-widget__width-auto elementory_icon_bg_colored elementory_icon_area_circle elementory_element_connector_no elementory_icon_position_center elementor-widget elementor-widget-elementory-icon-box\" data-id=\"35c5b14e\" data-element_type=\"widget\" data-widget_type=\"elementory-icon-box.default\">\n\t\t\t\t<div class=\"elementor-widget-container\">\n\t\t\t\n\t\t<div class=\"elementory_icon_box_container\">\n\t\t\t<div class=\"elementory_icon_box_item\">\n\t\t\t\t\t\t\t\t\n\t\t\t\t<div class=\"elementory_icon_box_item_inner\">\n\t\t\t\t\t<div class=\"elementory_icon_container\">\n\t\t\t\t\t\t<span class=\"elementory_icon_wrapper\">\n\t\t\t\t\t\t\t<i aria-hidden=\"true\" class=\"fas fa-bookmark\"><\/i>\t\t\t\t\t\t<\/span>\n\t\t\t\t\t<\/div>\n\t\t\t\t\t\n\t\t\t\t\t<div class=\"elementory_icon_box_content_container\">\n\t\t\t\t\t\t<div class=\"elementory_icon_box_title\">\n\t\t\t\t\t\t\t<h4><\/h4>\n\t\t\t\t\t\t<\/div>\n\t\t\t\t\t\t\n\t\t\t\t\t\t<div class=\"elementory_icon_box_description\">\n\t\t\t\t\t\t\t<span><\/span>\n\t\t\t\t\t\t<\/div>\n\t\t\t\t\t<\/div>\n\t\t\t\t\t\n\t\t\t\t\t<div class=\"clear\"><\/div>\n\t\t\t\t<\/div>\n\t\t\t\t\n\t\t\t\t\t\t\t<\/div>\n\t\t<\/div>\n\t\t\t\t<\/div>\n\t\t\t\t<\/div>\n\t\t\t\t<div class=\"elementor-element elementor-element-38cf8de elementor-widget__width-auto elementor-widget elementor-widget-heading\" data-id=\"38cf8de\" data-element_type=\"widget\" data-widget_type=\"heading.default\">\n\t\t\t\t<div class=\"elementor-widget-container\">\n\t\t\t<h2 class=\"elementor-heading-title elementor-size-default\">Temas especiales<\/h2>\t\t<\/div>\n\t\t\t\t<\/div>\n\t\t\t\t<div class=\"elementor-element elementor-element-5d0dffc2 elementor-widget elementor-widget-text-editor\" data-id=\"5d0dffc2\" data-element_type=\"widget\" data-widget_type=\"text-editor.default\">\n\t\t\t\t<div class=\"elementor-widget-container\">\n\t\t\t\t\t\t\t\t<div class=\"elementor-text-editor elementor-clearfix\">\n\t\t\t\t<ul>\n<li>Cursos de espa\u00f1ol individuales en las instalaciones de la escuela.<\/li>\n<li>Cursos especializadas sobre el tema de tu preferencia.<\/li>\n<li>Registro de inscripci\u00f3n todo el a\u00f1o.<\/li>\n<li>Una o m\u00e1s horas por sesi\u00f3n.<\/li>\n<li>Horario de clase personalizado.<\/li>\n<li> Los estudiantes tendr\u00e1n una evaluaci\u00f3n gratis para determinar su nivel de espa\u00f1ol.<\/li>\n<li>\u00bfEst\u00e1s interesado en una clase de espa\u00f1ol gratis? Programa una clase sin costo y prueba nuestro m\u00e9todo.<\/li>\n<\/ul>\t\t\t\t\t<\/div>\n\t\t\t\t\t\t<\/div>\n\t\t\t\t<\/div>\n\t\t\t\t<div class=\"elementor-element elementor-element-5b7b20b3 elementor-widget elementor-widget-heading\" data-id=\"5b7b20b3\" data-element_type=\"widget\" data-widget_type=\"heading.default\">\n\t\t\t\t<div class=\"elementor-widget-container\">\n\t\t\t<h2 class=\"elementor-heading-title elementor-size-default\">\u00a1Estudia espa\u00f1ol con nosotros!<\/h2>\t\t<\/div>\n\t\t\t\t<\/div>\n\t\t\t\t<div class=\"elementor-element elementor-element-48bd0945 elementor-widget elementor-widget-ibutton\" data-id=\"48bd0945\" data-element_type=\"widget\" data-widget_type=\"ibutton.default\">\n\t\t\t\t<div class=\"elementor-widget-container\">\n\t\t\t\t\t<div class=\"ot-button\">\r\n\t\t\t<a href=\"https:\/\/www.spanishcentermonterrey.com\/espanol\/contacto\/\" class=\"octf-btn octf-btn-primary\">Cont\u00e1ctanos<\/a>\r\n\t    <\/div>\r\n\t    \t\t<\/div>\n\t\t\t\t<\/div>\n\t\t\t\t\t\t<\/div>\n\t\t\t\t\t<\/div>\n\t\t<\/div>\n\t\t\t\t<div class=\"elementor-column elementor-col-25 elementor-top-column elementor-element elementor-element-695cb1b ot-flex-column-vertical\" data-id=\"695cb1b\" data-element_type=\"column\">\n\t\t\t<div class=\"elementor-column-wrap\">\n\t\t\t\t\t\t\t<div class=\"elementor-widget-wrap\">\n\t\t\t\t\t\t\t\t<\/div>\n\t\t\t\t\t<\/div>\n\t\t<\/div>\n\t\t\t\t\t\t\t\t<\/div>\n\t\t\t\t\t<\/div>\n\t\t<\/section>\n\t\t\t\t\t\t<\/div>\n\t\t\t\t\t\t<\/div>\n\t\t\t\t\t<\/div>\n\t\t","protected":false},"excerpt":{"rendered":"<p>Cursos de espa\u00f1ol en la escuela &#8211; Temas especiales Cultura mexicana Vocabulario de negocios Turismo Pol\u00edtica Finanzas Temas especiales Cursos de espa\u00f1ol individuales en las instalaciones de la escuela. Cursos especializadas sobre el tema de tu preferencia. Registro de inscripci\u00f3n todo el a\u00f1o. Una o m\u00e1s horas por sesi\u00f3n. Horario de clase personalizado. Los estudiantes [&hellip;]<\/p>\n","protected":false},"author":1,"featured_media":0,"parent":83305,"menu_order":0,"comment_status":"closed","ping_status":"closed","template":"","meta":[],"_links":{"self":[{"href":"https:\/\/www.spanishcentermonterrey.com\/espanol\/wp-json\/wp\/v2\/pages\/83313"}],"collection":[{"href":"https:\/\/www.spanishcentermonterrey.com\/espanol\/wp-json\/wp\/v2\/pages"}],"about":[{"href":"https:\/\/www.spanishcentermonterrey.com\/espanol\/wp-json\/wp\/v2\/types\/page"}],"author":[{"embeddable":true,"href":"https:\/\/www.spanishcentermonterrey.com\/espanol\/wp-json\/wp\/v2\/users\/1"}],"replies":[{"embeddable":true,"href":"https:\/\/www.spanishcentermonterrey.com\/espanol\/wp-json\/wp\/v2\/comments?post=83313"}],"version-history":[{"count":26,"href":"https:\/\/www.spanishcentermonterrey.com\/espanol\/wp-json\/wp\/v2\/pages\/83313\/revisions"}],"predecessor-version":[{"id":84414,"href":"https:\/\/www.spanishcentermonterrey.com\/espanol\/wp-json\/wp\/v2\/pages\/83313\/revisions\/84414"}],"up":[{"embeddable":true,"href":"https:\/\/www.spanishcentermonterrey.com\/espanol\/wp-json\/wp\/v2\/pages\/83305"}],"wp:attachment":[{"href":"https:\/\/www.spanishcentermonterrey.com\/espanol\/wp-json\/wp\/v2\/media?parent=83313"}],"curies":[{"name":"wp","href":"https:\/\/api.w.org\/{rel}","templated":true}]}}