{"id":83321,"date":"2021-03-22T01:16:08","date_gmt":"2021-03-22T01:16:08","guid":{"rendered":"https:\/\/www.spanishcentermonterrey.com\/espanol\/?page_id=83321"},"modified":"2021-12-21T23:36:13","modified_gmt":"2021-12-21T23:36:13","slug":"preparacion-dele-individual","status":"publish","type":"page","link":"https:\/\/www.spanishcentermonterrey.com\/espanol\/cursos\/cursos-espanol-presenciales\/clases-espanol-oficina-o-casa\/preparacion-dele-individual\/","title":{"rendered":"Preparaci\u00f3n de DELE individual"},"content":{"rendered":"\t\t<div data-elementor-type=\"wp-page\" data-elementor-id=\"83321\" class=\"elementor elementor-83321\" data-elementor-settings=\"[]\">\n\t\t\t\t\t\t<div class=\"elementor-inner\">\n\t\t\t\t\t\t\t<div class=\"elementor-section-wrap\">\n\t\t\t\t\t\t\t<section class=\"elementor-section elementor-top-section elementor-element elementor-element-32573847 ot-traditional elementor-section-boxed elementor-section-height-default elementor-section-height-default\" data-id=\"32573847\" data-element_type=\"section\">\n\t\t\t\t\t\t<div class=\"elementor-container elementor-column-gap-default\">\n\t\t\t\t\t\t\t<div class=\"elementor-row\">\n\t\t\t\t\t<div class=\"elementor-column elementor-col-100 elementor-top-column elementor-element elementor-element-3c55c102 ot-flex-column-vertical\" data-id=\"3c55c102\" data-element_type=\"column\">\n\t\t\t<div class=\"elementor-column-wrap elementor-element-populated\">\n\t\t\t\t\t\t\t<div class=\"elementor-widget-wrap\">\n\t\t\t\t\t\t<div class=\"elementor-element elementor-element-1f61ff77 elementor-widget elementor-widget-heading\" data-id=\"1f61ff77\" data-element_type=\"widget\" data-widget_type=\"heading.default\">\n\t\t\t\t<div class=\"elementor-widget-container\">\n\t\t\t<h2 class=\"elementor-heading-title elementor-size-default\">Cursos de espa\u00f1ol en tu oficina o en tu casa - Preparaci\u00f3n para DELE \n<\/h2>\t\t<\/div>\n\t\t\t\t<\/div>\n\t\t\t\t<div class=\"elementor-element elementor-element-72aeab40 elementor-widget elementor-widget-image\" data-id=\"72aeab40\" data-element_type=\"widget\" data-widget_type=\"image.default\">\n\t\t\t\t<div class=\"elementor-widget-container\">\n\t\t\t\t\t\t\t\t<div class=\"elementor-image\">\n\t\t\t\t\t\t\t\t\t\t\t\t<img src=\"https:\/\/www.spanishcentermonterrey.com\/espanol\/wp-content\/uploads\/elementor\/thumbs\/Depositphotos_24647225_xl-2015-scaled-pazehq2qxhyki1qhr2tsc7g5up738i1aik0sg5kp68.jpg\" title=\"Business people Having Meeting Around Table In Modern Office\" alt=\"Business people Having Meeting Around Table In Modern Office\" \/>\t\t\t\t\t\t\t\t\t\t\t\t\t\t<\/div>\n\t\t\t\t\t\t<\/div>\n\t\t\t\t<\/div>\n\t\t\t\t\t\t<\/div>\n\t\t\t\t\t<\/div>\n\t\t<\/div>\n\t\t\t\t\t\t\t\t<\/div>\n\t\t\t\t\t<\/div>\n\t\t<\/section>\n\t\t\t\t<section class=\"elementor-section elementor-top-section elementor-element elementor-element-894a0c3 ot-traditional elementor-section-boxed elementor-section-height-default elementor-section-height-default\" data-id=\"894a0c3\" data-element_type=\"section\">\n\t\t\t\t\t\t<div class=\"elementor-container elementor-column-gap-default\">\n\t\t\t\t\t\t\t<div class=\"elementor-row\">\n\t\t\t\t\t<div class=\"elementor-column elementor-col-25 elementor-top-column elementor-element elementor-element-da28ef7 ot-flex-column-vertical\" data-id=\"da28ef7\" data-element_type=\"column\">\n\t\t\t<div class=\"elementor-column-wrap\">\n\t\t\t\t\t\t\t<div class=\"elementor-widget-wrap\">\n\t\t\t\t\t\t\t\t<\/div>\n\t\t\t\t\t<\/div>\n\t\t<\/div>\n\t\t\t\t<div class=\"elementor-column elementor-col-50 elementor-top-column elementor-element elementor-element-4f2d323 ot-flex-column-vertical\" data-id=\"4f2d323\" data-element_type=\"column\">\n\t\t\t<div class=\"elementor-column-wrap elementor-element-populated\">\n\t\t\t\t\t\t\t<div class=\"elementor-widget-wrap\">\n\t\t\t\t\t\t<div class=\"elementor-element elementor-element-a759c3b elementor-widget elementor-widget-image\" data-id=\"a759c3b\" data-element_type=\"widget\" data-widget_type=\"image.default\">\n\t\t\t\t<div class=\"elementor-widget-container\">\n\t\t\t\t\t\t\t\t<div class=\"elementor-image\">\n\t\t\t\t\t\t\t\t\t\t\t\t<img width=\"174\" height=\"144\" src=\"https:\/\/www.spanishcentermonterrey.com\/espanol\/wp-content\/uploads\/2021\/04\/logo_dele.png\" class=\"attachment-large size-large\" alt=\"\" loading=\"lazy\" \/>\t\t\t\t\t\t\t\t\t\t\t\t\t\t<\/div>\n\t\t\t\t\t\t<\/div>\n\t\t\t\t<\/div>\n\t\t\t\t<div class=\"elementor-element elementor-element-3346b6dc elementor-widget elementor-widget-text-editor\" data-id=\"3346b6dc\" data-element_type=\"widget\" data-widget_type=\"text-editor.default\">\n\t\t\t\t<div class=\"elementor-widget-container\">\n\t\t\t\t\t\t\t\t<div class=\"elementor-text-editor elementor-clearfix\">\n\t\t\t\t<ul>\n \t<li>Cursos de espa\u00f1ol individuales en tu oficina o en tu casa*.<\/li>\n \t<li>Registro de inscripci\u00f3n todo el a\u00f1o.<\/li>\n \t<li>1.5 o m\u00e1s horas clase por sesi\u00f3n.<\/li>\n \t<li>Horario de clase personalizado.<\/li>\n \t<li>Los estudiantes tendr\u00e1n una evaluaci\u00f3n gratis para determinar su nivel de espa\u00f1ol.<\/li>\n \t<li>\u00bfEst\u00e1s interesado en una clase de espa\u00f1ol gratis? Programa una clase en l\u00ednea sin costo y prueba nuestro m\u00e9todo.<\/li>\n<\/ul>\t\t\t\t\t<\/div>\n\t\t\t\t\t\t<\/div>\n\t\t\t\t<\/div>\n\t\t\t\t<div class=\"elementor-element elementor-element-6a59f58d elementor-widget elementor-widget-heading\" data-id=\"6a59f58d\" data-element_type=\"widget\" data-widget_type=\"heading.default\">\n\t\t\t\t<div class=\"elementor-widget-container\">\n\t\t\t<h2 class=\"elementor-heading-title elementor-size-default\">\u00a1Estudia espa\u00f1ol con nosotros!<\/h2>\t\t<\/div>\n\t\t\t\t<\/div>\n\t\t\t\t<div class=\"elementor-element elementor-element-202218bb elementor-widget elementor-widget-ibutton\" data-id=\"202218bb\" data-element_type=\"widget\" data-widget_type=\"ibutton.default\">\n\t\t\t\t<div class=\"elementor-widget-container\">\n\t\t\t\t\t<div class=\"ot-button\">\r\n\t\t\t<a href=\"https:\/\/www.spanishcentermonterrey.com\/espanol\/contacto\/\" class=\"octf-btn octf-btn-primary\">Cont\u00e1ctanos<\/a>\r\n\t    <\/div>\r\n\t    \t\t<\/div>\n\t\t\t\t<\/div>\n\t\t\t\t<div class=\"elementor-element elementor-element-1b83db9c elementor-widget elementor-widget-text-editor\" data-id=\"1b83db9c\" data-element_type=\"widget\" data-widget_type=\"text-editor.default\">\n\t\t\t\t<div class=\"elementor-widget-container\">\n\t\t\t\t\t\t\t\t<div class=\"elementor-text-editor elementor-clearfix\">\n\t\t\t\t* Se incluir\u00e1 un cargo adicional por transportaci\u00f3n fuera de la escuela.\t\t\t\t\t<\/div>\n\t\t\t\t\t\t<\/div>\n\t\t\t\t<\/div>\n\t\t\t\t\t\t<\/div>\n\t\t\t\t\t<\/div>\n\t\t<\/div>\n\t\t\t\t<div class=\"elementor-column elementor-col-25 elementor-top-column elementor-element elementor-element-50a2718 ot-flex-column-vertical\" data-id=\"50a2718\" data-element_type=\"column\">\n\t\t\t<div class=\"elementor-column-wrap\">\n\t\t\t\t\t\t\t<div class=\"elementor-widget-wrap\">\n\t\t\t\t\t\t\t\t<\/div>\n\t\t\t\t\t<\/div>\n\t\t<\/div>\n\t\t\t\t\t\t\t\t<\/div>\n\t\t\t\t\t<\/div>\n\t\t<\/section>\n\t\t\t\t\t\t<\/div>\n\t\t\t\t\t\t<\/div>\n\t\t\t\t\t<\/div>\n\t\t","protected":false},"excerpt":{"rendered":"<p>Cursos de espa\u00f1ol en tu oficina o en tu casa &#8211; Preparaci\u00f3n para DELE Cursos de espa\u00f1ol individuales en tu oficina o en tu casa*. Registro de inscripci\u00f3n todo el a\u00f1o. 1.5 o m\u00e1s horas clase por sesi\u00f3n. Horario de clase personalizado. Los estudiantes tendr\u00e1n una evaluaci\u00f3n gratis para determinar su nivel de espa\u00f1ol. \u00bfEst\u00e1s [&hellip;]<\/p>\n","protected":false},"author":1,"featured_media":0,"parent":83315,"menu_order":0,"comment_status":"closed","ping_status":"closed","template":"","meta":[],"_links":{"self":[{"href":"https:\/\/www.spanishcentermonterrey.com\/espanol\/wp-json\/wp\/v2\/pages\/83321"}],"collection":[{"href":"https:\/\/www.spanishcentermonterrey.com\/espanol\/wp-json\/wp\/v2\/pages"}],"about":[{"href":"https:\/\/www.spanishcentermonterrey.com\/espanol\/wp-json\/wp\/v2\/types\/page"}],"author":[{"embeddable":true,"href":"https:\/\/www.spanishcentermonterrey.com\/espanol\/wp-json\/wp\/v2\/users\/1"}],"replies":[{"embeddable":true,"href":"https:\/\/www.spanishcentermonterrey.com\/espanol\/wp-json\/wp\/v2\/comments?post=83321"}],"version-history":[{"count":16,"href":"https:\/\/www.spanishcentermonterrey.com\/espanol\/wp-json\/wp\/v2\/pages\/83321\/revisions"}],"predecessor-version":[{"id":84360,"href":"https:\/\/www.spanishcentermonterrey.com\/espanol\/wp-json\/wp\/v2\/pages\/83321\/revisions\/84360"}],"up":[{"embeddable":true,"href":"https:\/\/www.spanishcentermonterrey.com\/espanol\/wp-json\/wp\/v2\/pages\/83315"}],"wp:attachment":[{"href":"https:\/\/www.spanishcentermonterrey.com\/espanol\/wp-json\/wp\/v2\/media?parent=83321"}],"curies":[{"name":"wp","href":"https:\/\/api.w.org\/{rel}","templated":true}]}}