{"id":83323,"date":"2021-03-22T01:16:40","date_gmt":"2021-03-22T01:16:40","guid":{"rendered":"https:\/\/www.spanishcentermonterrey.com\/espanol\/?page_id=83323"},"modified":"2021-12-21T23:39:19","modified_gmt":"2021-12-21T23:39:19","slug":"temas-especificificos-individual","status":"publish","type":"page","link":"https:\/\/www.spanishcentermonterrey.com\/espanol\/cursos\/cursos-espanol-presenciales\/clases-espanol-oficina-o-casa\/temas-especificificos-individual\/","title":{"rendered":"Temas espec\u00edficos individual"},"content":{"rendered":"\t\t<div data-elementor-type=\"wp-page\" data-elementor-id=\"83323\" class=\"elementor elementor-83323\" data-elementor-settings=\"[]\">\n\t\t\t\t\t\t<div class=\"elementor-inner\">\n\t\t\t\t\t\t\t<div class=\"elementor-section-wrap\">\n\t\t\t\t\t\t\t<section class=\"elementor-section elementor-top-section elementor-element elementor-element-54cbfc0b ot-traditional elementor-section-boxed elementor-section-height-default elementor-section-height-default\" data-id=\"54cbfc0b\" data-element_type=\"section\">\n\t\t\t\t\t\t<div class=\"elementor-container elementor-column-gap-default\">\n\t\t\t\t\t\t\t<div class=\"elementor-row\">\n\t\t\t\t\t<div class=\"elementor-column elementor-col-100 elementor-top-column elementor-element elementor-element-f6afc56 ot-flex-column-vertical\" data-id=\"f6afc56\" data-element_type=\"column\">\n\t\t\t<div class=\"elementor-column-wrap elementor-element-populated\">\n\t\t\t\t\t\t\t<div class=\"elementor-widget-wrap\">\n\t\t\t\t\t\t<div class=\"elementor-element elementor-element-5d782a41 elementor-widget elementor-widget-heading\" data-id=\"5d782a41\" data-element_type=\"widget\" data-widget_type=\"heading.default\">\n\t\t\t\t<div class=\"elementor-widget-container\">\n\t\t\t<h1 class=\"elementor-heading-title elementor-size-default\">Cursos de espa\u00f1ol en tu casa o en tu oficina \n-Temas especiales\n<\/h1>\t\t<\/div>\n\t\t\t\t<\/div>\n\t\t\t\t<section class=\"elementor-section elementor-inner-section elementor-element elementor-element-1005548e ot-traditional elementor-section-boxed elementor-section-height-default elementor-section-height-default\" data-id=\"1005548e\" data-element_type=\"section\">\n\t\t\t\t\t\t<div class=\"elementor-container elementor-column-gap-default\">\n\t\t\t\t\t\t\t<div class=\"elementor-row\">\n\t\t\t\t\t<div class=\"elementor-column elementor-col-20 elementor-inner-column elementor-element elementor-element-7718f5d6 ot-column-items-center ot-flex-column-vertical\" data-id=\"7718f5d6\" data-element_type=\"column\">\n\t\t\t<div class=\"elementor-column-wrap elementor-element-populated\">\n\t\t\t\t\t\t\t<div class=\"elementor-widget-wrap\">\n\t\t\t\t\t\t<div class=\"elementor-element elementor-element-33e3825b elementory_element_align_center elementor-widget elementor-widget-elementory-info-box\" data-id=\"33e3825b\" data-element_type=\"widget\" data-widget_type=\"elementory-info-box.default\">\n\t\t\t\t<div class=\"elementor-widget-container\">\n\t\t\t\n\t\t<div class=\"elementory_info_box_container\">\n\t\t\t<div class=\"elementory_info_box_item view_type_3\">\n\t\t\t\t\t\t\t\t\t<div class=\"elementory_info_box_item_inner \" style=\"background: url('https:\/\/www.spanishcentermonterrey.com\/espanol\/wp-content\/uploads\/2021\/05\/Depositphotos_5282907_xl-2015-scaled.jpg')\" >\n\t\t\t\t\t\t<div class=\"elementory_info_box_content elementory_no_description\">\n\t\t\t\t\t\t\t<div class=\"elementory_info_box_title\">\n\t\t\t\t\t\t\t\t<div class=\"elementory_info_box_title_overlay\"><\/div>\n\t\t\t\t\t\t\t\t<h3><\/h3>\n\t\t\t\t\t\t\t<\/div>\n\t\t\t\t\t\t\t\n\t\t\t\t\t\t\t\t\t\t\t\t\t<\/div>\n\t\t\t\t\t<\/div>\n\t\t\t\t\t\t\t\t<\/div>\n\t\t<\/div>\n\t\t\t\t<\/div>\n\t\t\t\t<\/div>\n\t\t\t\t<div class=\"elementor-element elementor-element-1ba44558 elementor-widget elementor-widget-heading\" data-id=\"1ba44558\" data-element_type=\"widget\" data-widget_type=\"heading.default\">\n\t\t\t\t<div class=\"elementor-widget-container\">\n\t\t\t<h4 class=\"elementor-heading-title elementor-size-default\">Cultura mexicana<\/h4>\t\t<\/div>\n\t\t\t\t<\/div>\n\t\t\t\t\t\t<\/div>\n\t\t\t\t\t<\/div>\n\t\t<\/div>\n\t\t\t\t<div class=\"elementor-column elementor-col-20 elementor-inner-column elementor-element elementor-element-65d519cc ot-flex-column-vertical\" data-id=\"65d519cc\" data-element_type=\"column\">\n\t\t\t<div class=\"elementor-column-wrap elementor-element-populated\">\n\t\t\t\t\t\t\t<div class=\"elementor-widget-wrap\">\n\t\t\t\t\t\t<div class=\"elementor-element elementor-element-3c86709e elementory_element_align_center elementor-widget elementor-widget-elementory-info-box\" data-id=\"3c86709e\" data-element_type=\"widget\" data-widget_type=\"elementory-info-box.default\">\n\t\t\t\t<div class=\"elementor-widget-container\">\n\t\t\t\n\t\t<div class=\"elementory_info_box_container\">\n\t\t\t<div class=\"elementory_info_box_item view_type_3\">\n\t\t\t\t\t\t\t\t\t<div class=\"elementory_info_box_item_inner \" style=\"background: url('https:\/\/www.spanishcentermonterrey.com\/espanol\/wp-content\/uploads\/2021\/05\/Depositphotos_4908224_xl-2015-scaled.jpg')\" >\n\t\t\t\t\t\t<div class=\"elementory_info_box_content elementory_no_description\">\n\t\t\t\t\t\t\t<div class=\"elementory_info_box_title\">\n\t\t\t\t\t\t\t\t<div class=\"elementory_info_box_title_overlay\"><\/div>\n\t\t\t\t\t\t\t\t<h3><\/h3>\n\t\t\t\t\t\t\t<\/div>\n\t\t\t\t\t\t\t\n\t\t\t\t\t\t\t\t\t\t\t\t\t<\/div>\n\t\t\t\t\t<\/div>\n\t\t\t\t\t\t\t\t<\/div>\n\t\t<\/div>\n\t\t\t\t<\/div>\n\t\t\t\t<\/div>\n\t\t\t\t<div class=\"elementor-element elementor-element-346acc8e elementor-widget elementor-widget-heading\" data-id=\"346acc8e\" data-element_type=\"widget\" data-widget_type=\"heading.default\">\n\t\t\t\t<div class=\"elementor-widget-container\">\n\t\t\t<h4 class=\"elementor-heading-title elementor-size-default\">Vocabulario de negocios<\/h4>\t\t<\/div>\n\t\t\t\t<\/div>\n\t\t\t\t\t\t<\/div>\n\t\t\t\t\t<\/div>\n\t\t<\/div>\n\t\t\t\t<div class=\"elementor-column elementor-col-20 elementor-inner-column elementor-element elementor-element-3e9c7ab4 ot-flex-column-vertical\" data-id=\"3e9c7ab4\" data-element_type=\"column\">\n\t\t\t<div class=\"elementor-column-wrap elementor-element-populated\">\n\t\t\t\t\t\t\t<div class=\"elementor-widget-wrap\">\n\t\t\t\t\t\t<div class=\"elementor-element elementor-element-47d7174d elementory_element_align_center elementor-widget elementor-widget-elementory-info-box\" data-id=\"47d7174d\" data-element_type=\"widget\" data-widget_type=\"elementory-info-box.default\">\n\t\t\t\t<div class=\"elementor-widget-container\">\n\t\t\t\n\t\t<div class=\"elementory_info_box_container\">\n\t\t\t<div class=\"elementory_info_box_item view_type_3\">\n\t\t\t\t\t\t\t\t\t<div class=\"elementory_info_box_item_inner \" style=\"background: url('https:\/\/www.spanishcentermonterrey.com\/espanol\/wp-content\/uploads\/2021\/05\/la-cultura-maya-1.jpg')\" >\n\t\t\t\t\t\t<div class=\"elementory_info_box_content elementory_no_description\">\n\t\t\t\t\t\t\t<div class=\"elementory_info_box_title\">\n\t\t\t\t\t\t\t\t<div class=\"elementory_info_box_title_overlay\"><\/div>\n\t\t\t\t\t\t\t\t<h3><\/h3>\n\t\t\t\t\t\t\t<\/div>\n\t\t\t\t\t\t\t\n\t\t\t\t\t\t\t\t\t\t\t\t\t<\/div>\n\t\t\t\t\t<\/div>\n\t\t\t\t\t\t\t\t<\/div>\n\t\t<\/div>\n\t\t\t\t<\/div>\n\t\t\t\t<\/div>\n\t\t\t\t<div class=\"elementor-element elementor-element-284e100f elementor-widget elementor-widget-heading\" data-id=\"284e100f\" data-element_type=\"widget\" data-widget_type=\"heading.default\">\n\t\t\t\t<div class=\"elementor-widget-container\">\n\t\t\t<h4 class=\"elementor-heading-title elementor-size-default\">Turismo<\/h4>\t\t<\/div>\n\t\t\t\t<\/div>\n\t\t\t\t\t\t<\/div>\n\t\t\t\t\t<\/div>\n\t\t<\/div>\n\t\t\t\t<div class=\"elementor-column elementor-col-20 elementor-inner-column elementor-element elementor-element-52d01dbb ot-flex-column-vertical\" data-id=\"52d01dbb\" data-element_type=\"column\">\n\t\t\t<div class=\"elementor-column-wrap elementor-element-populated\">\n\t\t\t\t\t\t\t<div class=\"elementor-widget-wrap\">\n\t\t\t\t\t\t<div class=\"elementor-element elementor-element-36ea4de5 elementory_element_align_center elementor-widget elementor-widget-elementory-info-box\" data-id=\"36ea4de5\" data-element_type=\"widget\" data-widget_type=\"elementory-info-box.default\">\n\t\t\t\t<div class=\"elementor-widget-container\">\n\t\t\t\n\t\t<div class=\"elementory_info_box_container\">\n\t\t\t<div class=\"elementory_info_box_item view_type_3\">\n\t\t\t\t\t\t\t\t\t<div class=\"elementory_info_box_item_inner \" style=\"background: url('https:\/\/www.spanishcentermonterrey.com\/espanol\/wp-content\/uploads\/2021\/05\/Depositphotos_319518732_xl-2015-1.jpg')\" >\n\t\t\t\t\t\t<div class=\"elementory_info_box_content elementory_no_description\">\n\t\t\t\t\t\t\t<div class=\"elementory_info_box_title\">\n\t\t\t\t\t\t\t\t<div class=\"elementory_info_box_title_overlay\"><\/div>\n\t\t\t\t\t\t\t\t<h3><\/h3>\n\t\t\t\t\t\t\t<\/div>\n\t\t\t\t\t\t\t\n\t\t\t\t\t\t\t\t\t\t\t\t\t<\/div>\n\t\t\t\t\t<\/div>\n\t\t\t\t\t\t\t\t<\/div>\n\t\t<\/div>\n\t\t\t\t<\/div>\n\t\t\t\t<\/div>\n\t\t\t\t<div class=\"elementor-element elementor-element-2623fcf1 elementor-widget elementor-widget-heading\" data-id=\"2623fcf1\" data-element_type=\"widget\" data-widget_type=\"heading.default\">\n\t\t\t\t<div class=\"elementor-widget-container\">\n\t\t\t<h4 class=\"elementor-heading-title elementor-size-default\">Pol\u00edtica<\/h4>\t\t<\/div>\n\t\t\t\t<\/div>\n\t\t\t\t\t\t<\/div>\n\t\t\t\t\t<\/div>\n\t\t<\/div>\n\t\t\t\t<div class=\"elementor-column elementor-col-20 elementor-inner-column elementor-element elementor-element-1db0a9e1 ot-flex-column-vertical\" data-id=\"1db0a9e1\" data-element_type=\"column\">\n\t\t\t<div class=\"elementor-column-wrap elementor-element-populated\">\n\t\t\t\t\t\t\t<div class=\"elementor-widget-wrap\">\n\t\t\t\t\t\t<div class=\"elementor-element elementor-element-26b67f36 elementory_element_align_center elementor-widget elementor-widget-elementory-info-box\" data-id=\"26b67f36\" data-element_type=\"widget\" data-widget_type=\"elementory-info-box.default\">\n\t\t\t\t<div class=\"elementor-widget-container\">\n\t\t\t\n\t\t<div class=\"elementory_info_box_container\">\n\t\t\t<div class=\"elementory_info_box_item view_type_3\">\n\t\t\t\t\t\t\t\t\t<div class=\"elementory_info_box_item_inner \" style=\"background: url('https:\/\/www.spanishcentermonterrey.com\/espanol\/wp-content\/uploads\/2021\/05\/finances.jpg')\" >\n\t\t\t\t\t\t<div class=\"elementory_info_box_content elementory_no_description\">\n\t\t\t\t\t\t\t<div class=\"elementory_info_box_title\">\n\t\t\t\t\t\t\t\t<div class=\"elementory_info_box_title_overlay\"><\/div>\n\t\t\t\t\t\t\t\t<h3><\/h3>\n\t\t\t\t\t\t\t<\/div>\n\t\t\t\t\t\t\t\n\t\t\t\t\t\t\t\t\t\t\t\t\t<\/div>\n\t\t\t\t\t<\/div>\n\t\t\t\t\t\t\t\t<\/div>\n\t\t<\/div>\n\t\t\t\t<\/div>\n\t\t\t\t<\/div>\n\t\t\t\t<div class=\"elementor-element elementor-element-491e1359 elementor-widget elementor-widget-heading\" data-id=\"491e1359\" data-element_type=\"widget\" data-widget_type=\"heading.default\">\n\t\t\t\t<div class=\"elementor-widget-container\">\n\t\t\t<h4 class=\"elementor-heading-title elementor-size-default\">Finanzas<\/h4>\t\t<\/div>\n\t\t\t\t<\/div>\n\t\t\t\t\t\t<\/div>\n\t\t\t\t\t<\/div>\n\t\t<\/div>\n\t\t\t\t\t\t\t\t<\/div>\n\t\t\t\t\t<\/div>\n\t\t<\/section>\n\t\t\t\t\t\t<\/div>\n\t\t\t\t\t<\/div>\n\t\t<\/div>\n\t\t\t\t\t\t\t\t<\/div>\n\t\t\t\t\t<\/div>\n\t\t<\/section>\n\t\t\t\t<section class=\"elementor-section elementor-top-section elementor-element elementor-element-9383c69 ot-traditional elementor-section-boxed elementor-section-height-default elementor-section-height-default\" data-id=\"9383c69\" data-element_type=\"section\">\n\t\t\t\t\t\t<div class=\"elementor-container elementor-column-gap-default\">\n\t\t\t\t\t\t\t<div class=\"elementor-row\">\n\t\t\t\t\t<div class=\"elementor-column elementor-col-25 elementor-top-column elementor-element elementor-element-f373c92 ot-flex-column-vertical\" data-id=\"f373c92\" data-element_type=\"column\">\n\t\t\t<div class=\"elementor-column-wrap\">\n\t\t\t\t\t\t\t<div class=\"elementor-widget-wrap\">\n\t\t\t\t\t\t\t\t<\/div>\n\t\t\t\t\t<\/div>\n\t\t<\/div>\n\t\t\t\t<div class=\"elementor-column elementor-col-50 elementor-top-column elementor-element elementor-element-e7f8490 ot-flex-column-vertical\" data-id=\"e7f8490\" data-element_type=\"column\">\n\t\t\t<div class=\"elementor-column-wrap elementor-element-populated\">\n\t\t\t\t\t\t\t<div class=\"elementor-widget-wrap\">\n\t\t\t\t\t\t<div class=\"elementor-element elementor-element-75443034 elementor-widget__width-auto elementory_icon_bg_colored elementory_icon_area_circle elementory_element_connector_no elementory_icon_position_center elementor-widget elementor-widget-elementory-icon-box\" data-id=\"75443034\" data-element_type=\"widget\" data-widget_type=\"elementory-icon-box.default\">\n\t\t\t\t<div class=\"elementor-widget-container\">\n\t\t\t\n\t\t<div class=\"elementory_icon_box_container\">\n\t\t\t<div class=\"elementory_icon_box_item\">\n\t\t\t\t\t\t\t\t\n\t\t\t\t<div class=\"elementory_icon_box_item_inner\">\n\t\t\t\t\t<div class=\"elementory_icon_container\">\n\t\t\t\t\t\t<span class=\"elementory_icon_wrapper\">\n\t\t\t\t\t\t\t<i aria-hidden=\"true\" class=\"fas fa-bookmark\"><\/i>\t\t\t\t\t\t<\/span>\n\t\t\t\t\t<\/div>\n\t\t\t\t\t\n\t\t\t\t\t<div class=\"elementory_icon_box_content_container\">\n\t\t\t\t\t\t<div class=\"elementory_icon_box_title\">\n\t\t\t\t\t\t\t<h4><\/h4>\n\t\t\t\t\t\t<\/div>\n\t\t\t\t\t\t\n\t\t\t\t\t\t<div class=\"elementory_icon_box_description\">\n\t\t\t\t\t\t\t<span><\/span>\n\t\t\t\t\t\t<\/div>\n\t\t\t\t\t<\/div>\n\t\t\t\t\t\n\t\t\t\t\t<div class=\"clear\"><\/div>\n\t\t\t\t<\/div>\n\t\t\t\t\n\t\t\t\t\t\t\t<\/div>\n\t\t<\/div>\n\t\t\t\t<\/div>\n\t\t\t\t<\/div>\n\t\t\t\t<div class=\"elementor-element elementor-element-155fdd5e elementor-widget__width-auto elementor-widget elementor-widget-heading\" data-id=\"155fdd5e\" data-element_type=\"widget\" data-widget_type=\"heading.default\">\n\t\t\t\t<div class=\"elementor-widget-container\">\n\t\t\t<h2 class=\"elementor-heading-title elementor-size-default\">Temas especiales<\/h2>\t\t<\/div>\n\t\t\t\t<\/div>\n\t\t\t\t<div class=\"elementor-element elementor-element-42d435a9 elementor-widget elementor-widget-text-editor\" data-id=\"42d435a9\" data-element_type=\"widget\" data-widget_type=\"text-editor.default\">\n\t\t\t\t<div class=\"elementor-widget-container\">\n\t\t\t\t\t\t\t\t<div class=\"elementor-text-editor elementor-clearfix\">\n\t\t\t\t<ul>\n \t<li>Cursos especializados sobre el tema de tu preferencia.<\/li>\n \t<li>Cursos de espa\u00f1ol individuales en tu oficina o en tu casa*.<\/li>\n \t<li>Registro de inscripci\u00f3n todo el a\u00f1o.<\/li>\n \t<li>1.5 o m\u00e1s horas clase por sesi\u00f3n<\/li>\n \t<li>Horario de curso personalizado.<\/li>\n \t<li>Los estudiantes tendr\u00e1n una evaluaci\u00f3n gratis para determinar su nivel de espa\u00f1ol.  <\/li>\n \t<li>\u00bfEst\u00e1s interesado en una clase de espa\u00f1ol gratis? Programa una clase en l\u00ednea sin costo y prueba nuestro m\u00e9todo.<\/li>\n<\/ul>\t\t\t\t\t<\/div>\n\t\t\t\t\t\t<\/div>\n\t\t\t\t<\/div>\n\t\t\t\t<div class=\"elementor-element elementor-element-715ab308 elementor-widget elementor-widget-heading\" data-id=\"715ab308\" data-element_type=\"widget\" data-widget_type=\"heading.default\">\n\t\t\t\t<div class=\"elementor-widget-container\">\n\t\t\t<h2 class=\"elementor-heading-title elementor-size-default\">\u00a1Estudia espa\u00f1ol con nosotros!<\/h2>\t\t<\/div>\n\t\t\t\t<\/div>\n\t\t\t\t<div class=\"elementor-element elementor-element-7628f4 elementor-widget elementor-widget-ibutton\" data-id=\"7628f4\" data-element_type=\"widget\" data-widget_type=\"ibutton.default\">\n\t\t\t\t<div class=\"elementor-widget-container\">\n\t\t\t\t\t<div class=\"ot-button\">\r\n\t\t\t<a href=\"https:\/\/clientes.code5.com.mx\/slg-es\/contacto\/\" class=\"octf-btn octf-btn-primary\">Cont\u00e1ctanos<\/a>\r\n\t    <\/div>\r\n\t    \t\t<\/div>\n\t\t\t\t<\/div>\n\t\t\t\t<div class=\"elementor-element elementor-element-4f07193 elementor-widget elementor-widget-text-editor\" data-id=\"4f07193\" data-element_type=\"widget\" data-widget_type=\"text-editor.default\">\n\t\t\t\t<div class=\"elementor-widget-container\">\n\t\t\t\t\t\t\t\t<div class=\"elementor-text-editor elementor-clearfix\">\n\t\t\t\t*Se incluir\u00e1 un cargo adicional por transportaci\u00f3n fuera de la escuela.\t\t\t\t\t<\/div>\n\t\t\t\t\t\t<\/div>\n\t\t\t\t<\/div>\n\t\t\t\t\t\t<\/div>\n\t\t\t\t\t<\/div>\n\t\t<\/div>\n\t\t\t\t<div class=\"elementor-column elementor-col-25 elementor-top-column elementor-element elementor-element-f8cba1d ot-flex-column-vertical\" data-id=\"f8cba1d\" data-element_type=\"column\">\n\t\t\t<div class=\"elementor-column-wrap\">\n\t\t\t\t\t\t\t<div class=\"elementor-widget-wrap\">\n\t\t\t\t\t\t\t\t<\/div>\n\t\t\t\t\t<\/div>\n\t\t<\/div>\n\t\t\t\t\t\t\t\t<\/div>\n\t\t\t\t\t<\/div>\n\t\t<\/section>\n\t\t\t\t\t\t<\/div>\n\t\t\t\t\t\t<\/div>\n\t\t\t\t\t<\/div>\n\t\t","protected":false},"excerpt":{"rendered":"<p>Cursos de espa\u00f1ol en tu casa o en tu oficina -Temas especiales Cultura mexicana Vocabulario de negocios Turismo Pol\u00edtica Finanzas Temas especiales Cursos especializados sobre el tema de tu preferencia. Cursos de espa\u00f1ol individuales en tu oficina o en tu casa*. Registro de inscripci\u00f3n todo el a\u00f1o. 1.5 o m\u00e1s horas clase por sesi\u00f3n Horario [&hellip;]<\/p>\n","protected":false},"author":1,"featured_media":0,"parent":83315,"menu_order":0,"comment_status":"closed","ping_status":"closed","template":"","meta":[],"_links":{"self":[{"href":"https:\/\/www.spanishcentermonterrey.com\/espanol\/wp-json\/wp\/v2\/pages\/83323"}],"collection":[{"href":"https:\/\/www.spanishcentermonterrey.com\/espanol\/wp-json\/wp\/v2\/pages"}],"about":[{"href":"https:\/\/www.spanishcentermonterrey.com\/espanol\/wp-json\/wp\/v2\/types\/page"}],"author":[{"embeddable":true,"href":"https:\/\/www.spanishcentermonterrey.com\/espanol\/wp-json\/wp\/v2\/users\/1"}],"replies":[{"embeddable":true,"href":"https:\/\/www.spanishcentermonterrey.com\/espanol\/wp-json\/wp\/v2\/comments?post=83323"}],"version-history":[{"count":22,"href":"https:\/\/www.spanishcentermonterrey.com\/espanol\/wp-json\/wp\/v2\/pages\/83323\/revisions"}],"predecessor-version":[{"id":84367,"href":"https:\/\/www.spanishcentermonterrey.com\/espanol\/wp-json\/wp\/v2\/pages\/83323\/revisions\/84367"}],"up":[{"embeddable":true,"href":"https:\/\/www.spanishcentermonterrey.com\/espanol\/wp-json\/wp\/v2\/pages\/83315"}],"wp:attachment":[{"href":"https:\/\/www.spanishcentermonterrey.com\/espanol\/wp-json\/wp\/v2\/media?parent=83323"}],"curies":[{"name":"wp","href":"https:\/\/api.w.org\/{rel}","templated":true}]}}